{"id":759,"date":"2016-02-16T16:52:25","date_gmt":"2016-02-16T15:52:25","guid":{"rendered":"https:\/\/eifarb.ch\/webseite\/warenkorb\/"},"modified":"2016-02-22T10:42:11","modified_gmt":"2016-02-22T09:42:11","slug":"warenkorb","status":"publish","type":"page","link":"https:\/\/www.eifarb.ch\/fr\/shop\/warenkorb\/","title":{"rendered":"Panier d'achat"},"content":{"rendered":"","protected":false},"excerpt":{"rendered":"","protected":false},"author":1,"featured_media":0,"parent":757,"menu_order":0,"comment_status":"closed","ping_status":"closed","template":"","meta":{"footnotes":""},"class_list":["post-759","page","type-page","status-publish","hentry"],"yoast_head":"<!-- This site is optimized with the Yoast SEO plugin v27.5 - https:\/\/yoast.com\/product\/yoast-seo-wordpress\/ -->\n<title>Warenkorb - nat\u00fcrliche Eierfarben<\/title>\n<meta name=\"description\" content=\"Farbige Eier geh\u00f6ren zu Ostern wie auch die s\u00fcssen Osterhasen aus Schoggi. Die Ostereier Farben bestehen aus nat\u00fcrlichen Rohstoffen.\" \/>\n<meta name=\"robots\" content=\"index, follow, max-snippet:-1, max-image-preview:large, max-video-preview:-1\" \/>\n<link rel=\"canonical\" href=\"https:\/\/www.eifarb.ch\/fr\/shop\/warenkorb\/\" \/>\n<meta property=\"og:locale\" content=\"fr_FR\" \/>\n<meta property=\"og:type\" content=\"article\" \/>\n<meta property=\"og:title\" content=\"Warenkorb - nat\u00fcrliche Eierfarben\" \/>\n<meta property=\"og:description\" content=\"Farbige Eier geh\u00f6ren zu Ostern wie auch die s\u00fcssen Osterhasen aus Schoggi. Die Ostereier Farben bestehen aus nat\u00fcrlichen Rohstoffen.\" \/>\n<meta property=\"og:url\" content=\"https:\/\/www.eifarb.ch\/fr\/shop\/warenkorb\/\" \/>\n<meta property=\"og:site_name\" content=\"nat\u00fcrliche Oster Eierfarben - Shop\" \/>\n<meta property=\"article:modified_time\" content=\"2016-02-22T09:42:11+00:00\" \/>\n<meta name=\"twitter:card\" content=\"summary_large_image\" \/>\n<script type=\"application\/ld+json\" class=\"yoast-schema-graph\">{\"@context\":\"https:\\\/\\\/schema.org\",\"@graph\":[{\"@type\":\"WebPage\",\"@id\":\"https:\\\/\\\/www.eifarb.ch\\\/shop\\\/warenkorb\\\/\",\"url\":\"https:\\\/\\\/www.eifarb.ch\\\/shop\\\/warenkorb\\\/\",\"name\":\"Warenkorb - nat\u00fcrliche Eierfarben\",\"isPartOf\":{\"@id\":\"https:\\\/\\\/www.eifarb.ch\\\/#website\"},\"datePublished\":\"2016-02-16T15:52:25+00:00\",\"dateModified\":\"2016-02-22T09:42:11+00:00\",\"description\":\"Farbige Eier geh\u00f6ren zu Ostern wie auch die s\u00fcssen Osterhasen aus Schoggi. Die Ostereier Farben bestehen aus nat\u00fcrlichen Rohstoffen.\",\"breadcrumb\":{\"@id\":\"https:\\\/\\\/www.eifarb.ch\\\/shop\\\/warenkorb\\\/#breadcrumb\"},\"inLanguage\":\"fr-FR\",\"potentialAction\":[{\"@type\":\"ReadAction\",\"target\":[\"https:\\\/\\\/www.eifarb.ch\\\/shop\\\/warenkorb\\\/\"]}]},{\"@type\":\"BreadcrumbList\",\"@id\":\"https:\\\/\\\/www.eifarb.ch\\\/shop\\\/warenkorb\\\/#breadcrumb\",\"itemListElement\":[{\"@type\":\"ListItem\",\"position\":1,\"name\":\"Startseite\",\"item\":\"https:\\\/\\\/www.eifarb.ch\\\/natuerliche-ostereier-farben\\\/\"},{\"@type\":\"ListItem\",\"position\":2,\"name\":\"Shop\",\"item\":\"https:\\\/\\\/www.eifarb.ch\\\/shop\\\/\"},{\"@type\":\"ListItem\",\"position\":3,\"name\":\"Warenkorb\"}]},{\"@type\":\"WebSite\",\"@id\":\"https:\\\/\\\/www.eifarb.ch\\\/#website\",\"url\":\"https:\\\/\\\/www.eifarb.ch\\\/\",\"name\":\"nat\u00fcrliche Oster Eierfarben - Shop\",\"description\":\"Ostereier f\u00e4rben mit Farben aus der Natur\",\"potentialAction\":[{\"@type\":\"SearchAction\",\"target\":{\"@type\":\"EntryPoint\",\"urlTemplate\":\"https:\\\/\\\/www.eifarb.ch\\\/?s={search_term_string}\"},\"query-input\":{\"@type\":\"PropertyValueSpecification\",\"valueRequired\":true,\"valueName\":\"search_term_string\"}}],\"inLanguage\":\"fr-FR\"}]}<\/script>\n<!-- \/ Yoast SEO plugin. -->","yoast_head_json":{"title":"Panier - peintures naturelles pour \u0153ufs","description":"Les \u0153ufs color\u00e9s font partie de P\u00e2ques, tout comme les lapins de P\u00e2ques en chocolat. Les couleurs des \u0153ufs de P\u00e2ques sont compos\u00e9es de mati\u00e8res premi\u00e8res naturelles.","robots":{"index":"index","follow":"follow","max-snippet":"max-snippet:-1","max-image-preview":"max-image-preview:large","max-video-preview":"max-video-preview:-1"},"canonical":"https:\/\/www.eifarb.ch\/fr\/shop\/warenkorb\/","og_locale":"fr_FR","og_type":"article","og_title":"Warenkorb - nat\u00fcrliche Eierfarben","og_description":"Farbige Eier geh\u00f6ren zu Ostern wie auch die s\u00fcssen Osterhasen aus Schoggi. Die Ostereier Farben bestehen aus nat\u00fcrlichen Rohstoffen.","og_url":"https:\/\/www.eifarb.ch\/fr\/shop\/warenkorb\/","og_site_name":"nat\u00fcrliche Oster Eierfarben - Shop","article_modified_time":"2016-02-22T09:42:11+00:00","twitter_card":"summary_large_image","schema":{"@context":"https:\/\/schema.org","@graph":[{"@type":"WebPage","@id":"https:\/\/www.eifarb.ch\/shop\/warenkorb\/","url":"https:\/\/www.eifarb.ch\/shop\/warenkorb\/","name":"Panier - peintures naturelles pour \u0153ufs","isPartOf":{"@id":"https:\/\/www.eifarb.ch\/#website"},"datePublished":"2016-02-16T15:52:25+00:00","dateModified":"2016-02-22T09:42:11+00:00","description":"Les \u0153ufs color\u00e9s font partie de P\u00e2ques, tout comme les lapins de P\u00e2ques en chocolat. Les couleurs des \u0153ufs de P\u00e2ques sont compos\u00e9es de mati\u00e8res premi\u00e8res naturelles.","breadcrumb":{"@id":"https:\/\/www.eifarb.ch\/shop\/warenkorb\/#breadcrumb"},"inLanguage":"fr-FR","potentialAction":[{"@type":"ReadAction","target":["https:\/\/www.eifarb.ch\/shop\/warenkorb\/"]}]},{"@type":"BreadcrumbList","@id":"https:\/\/www.eifarb.ch\/shop\/warenkorb\/#breadcrumb","itemListElement":[{"@type":"ListItem","position":1,"name":"Startseite","item":"https:\/\/www.eifarb.ch\/natuerliche-ostereier-farben\/"},{"@type":"ListItem","position":2,"name":"Shop","item":"https:\/\/www.eifarb.ch\/shop\/"},{"@type":"ListItem","position":3,"name":"Warenkorb"}]},{"@type":"WebSite","@id":"https:\/\/www.eifarb.ch\/#website","url":"https:\/\/www.eifarb.ch\/","name":"Peintures naturelles pour oeufs de P\u00e2ques - Boutique","description":"Teindre des \u0153ufs de P\u00e2ques avec des couleurs de la nature","potentialAction":[{"@type":"SearchAction","target":{"@type":"EntryPoint","urlTemplate":"https:\/\/www.eifarb.ch\/?s={search_term_string}"},"query-input":{"@type":"PropertyValueSpecification","valueRequired":true,"valueName":"search_term_string"}}],"inLanguage":"fr-FR"}]}},"_links":{"self":[{"href":"https:\/\/www.eifarb.ch\/fr\/wp-json\/wp\/v2\/pages\/759","targetHints":{"allow":["GET"]}}],"collection":[{"href":"https:\/\/www.eifarb.ch\/fr\/wp-json\/wp\/v2\/pages"}],"about":[{"href":"https:\/\/www.eifarb.ch\/fr\/wp-json\/wp\/v2\/types\/page"}],"author":[{"embeddable":true,"href":"https:\/\/www.eifarb.ch\/fr\/wp-json\/wp\/v2\/users\/1"}],"replies":[{"embeddable":true,"href":"https:\/\/www.eifarb.ch\/fr\/wp-json\/wp\/v2\/comments?post=759"}],"version-history":[{"count":0,"href":"https:\/\/www.eifarb.ch\/fr\/wp-json\/wp\/v2\/pages\/759\/revisions"}],"up":[{"embeddable":true,"href":"https:\/\/www.eifarb.ch\/fr\/wp-json\/wp\/v2\/pages\/757"}],"wp:attachment":[{"href":"https:\/\/www.eifarb.ch\/fr\/wp-json\/wp\/v2\/media?parent=759"}],"curies":[{"name":"wp","href":"https:\/\/api.w.org\/{rel}","templated":true}]}}