{"id":804,"date":"2016-02-17T08:48:09","date_gmt":"2016-02-17T07:48:09","guid":{"rendered":"https:\/\/eifarb.ch\/webseite\/?page_id=804"},"modified":"2023-08-31T21:49:01","modified_gmt":"2023-08-31T19:49:01","slug":"impressum","status":"publish","type":"page","link":"https:\/\/www.eifarb.ch\/fr\/impressum\/","title":{"rendered":"Mentions l\u00e9gales"},"content":{"rendered":"<h1>Mentions l\u00e9gales<\/h1>\n<h2>Adresse de contact<\/h2>\n<p>Spruchreif GmbH<br \/>\n3, rue R\u00fcsseck<br \/>\nCH-4800 Zofingen<br \/>kontakt@spruchreif.ch<\/p>\n<h2>Clause de non-responsabilit\u00e9<\/h2>\n<p>L'auteur n'assume aucune responsabilit\u00e9 quant \u00e0 la v\u00e9racit\u00e9, l'exactitude, l'actualit\u00e9, la fiabilit\u00e9 et l'exhaustivit\u00e9 du contenu des informations.<\/p>\n<p>L'auteur ne saurait \u00eatre tenu pour responsable des dommages mat\u00e9riels ou immat\u00e9riels qui pourraient \u00eatre caus\u00e9s par l'acc\u00e8s aux informations diffus\u00e9es ou par leur utilisation ou non-utilisation, par le mauvais usage de la connexion ou par des probl\u00e8mes techniques.<\/p>\n<p>Toutes les offres sont sans engagement. L'auteur se r\u00e9serve express\u00e9ment le droit de modifier, de compl\u00e9ter ou de supprimer des parties de pages ou l'ensemble de l'offre sans avis pr\u00e9alable, ou d'en suspendre temporairement ou d\u00e9finitivement la publication.<\/p>\n<h2>Responsabilit\u00e9 pour les liens<\/h2>\n<p>Les renvois et liens vers des sites web de tiers ne rel\u00e8vent pas de notre responsabilit\u00e9. Nous d\u00e9clinons toute responsabilit\u00e9 pour de tels sites web. L'acc\u00e8s \u00e0 de tels sites et leur utilisation se font aux risques et p\u00e9rils de l'utilisateur ou de l'utilisatrice.<\/p>\n<h2>Droits d'auteur<\/h2>\n<p>Les droits d'auteur et tous les autres droits li\u00e9s aux contenus, images, photos ou autres fichiers du site web appartiennent exclusivement \u00e0 <strong>de la soci\u00e9t\u00e9 Spruchreif GmbH<\/strong> ou aux titulaires de droits sp\u00e9cifiquement cit\u00e9s. Pour la reproduction de tout \u00e9l\u00e9ment, l'accord \u00e9crit des d\u00e9tenteurs des droits d'auteur doit \u00eatre obtenu au pr\u00e9alable.<\/p>\n<h2>Protection des donn\u00e9es<\/h2>\n<p>Notre site <a href=\"https:\/\/www.eifarb.ch\/fr\/datenschutz\/\">D\u00e9claration de confidentialit\u00e9<\/a> vous trouverez ici.<\/p>","protected":false},"excerpt":{"rendered":"<p>Impressum Kontaktadresse Spruchreif GmbH R\u00fcsseckstrasse 3 CH-4800 Zofingen &#107;&#x6f;&#110;&#x74;&#97;&#x6b;&#116;&#x40;&#115;&#x70;&#114;&#x75;&#99;&#x68;&#114;&#x65;&#105;&#x66;&#46;&#x63;&#104; Haftungsausschluss Der Autor \u00fcbernimmt keinerlei Gew\u00e4hr hinsichtlich der inhaltlichen Richtigkeit, Genauigkeit, Aktualit\u00e4t, Zuverl\u00e4ssigkeit und Vollst\u00e4ndigkeit der Informationen. Haftungsanspr\u00fcche gegen den Autor wegen Sch\u00e4den materieller oder immaterieller Art, welche aus dem Zugriff oder der Nutzung bzw. Nichtnutzung der ver\u00f6ffentlichten Informationen, durch Missbrauch der Verbindung oder durch technische [&hellip;]<\/p>\n","protected":false},"author":1,"featured_media":0,"parent":0,"menu_order":0,"comment_status":"closed","ping_status":"closed","template":"","meta":{"footnotes":""},"class_list":["post-804","page","type-page","status-publish","hentry"],"yoast_head":"<!-- This site is optimized with the Yoast SEO plugin v27.5 - https:\/\/yoast.com\/product\/yoast-seo-wordpress\/ -->\n<title>Impresseum - nat\u00fcrliche Eierfarben<\/title>\n<meta name=\"description\" content=\"F\u00fcr die Sicherheit der Daten\u00fcbertragung im Internet k\u00f6nnen wir keine Gew\u00e4hr \u00fcbernehmen. Der Autor \u00fcbernimmt keinerlei Gew\u00e4hr hinsichtlich der Richtigkeit.\" \/>\n<meta name=\"robots\" content=\"index, follow, max-snippet:-1, max-image-preview:large, max-video-preview:-1\" \/>\n<link rel=\"canonical\" href=\"https:\/\/www.eifarb.ch\/fr\/impressum\/\" \/>\n<meta property=\"og:locale\" content=\"fr_FR\" \/>\n<meta property=\"og:type\" content=\"article\" \/>\n<meta property=\"og:title\" content=\"Impresseum - nat\u00fcrliche Eierfarben\" \/>\n<meta property=\"og:description\" content=\"F\u00fcr die Sicherheit der Daten\u00fcbertragung im Internet k\u00f6nnen wir keine Gew\u00e4hr \u00fcbernehmen. Der Autor \u00fcbernimmt keinerlei Gew\u00e4hr hinsichtlich der Richtigkeit.\" \/>\n<meta property=\"og:url\" content=\"https:\/\/www.eifarb.ch\/fr\/impressum\/\" \/>\n<meta property=\"og:site_name\" content=\"nat\u00fcrliche Oster Eierfarben - Shop\" \/>\n<meta property=\"article:modified_time\" content=\"2023-08-31T19:49:01+00:00\" \/>\n<meta name=\"twitter:card\" content=\"summary_large_image\" \/>\n<meta name=\"twitter:label1\" content=\"Dur\u00e9e de lecture estim\u00e9e\" \/>\n\t<meta name=\"twitter:data1\" content=\"1 minute\" \/>\n<script type=\"application\/ld+json\" class=\"yoast-schema-graph\">{\"@context\":\"https:\\\/\\\/schema.org\",\"@graph\":[{\"@type\":\"WebPage\",\"@id\":\"https:\\\/\\\/www.eifarb.ch\\\/impressum\\\/\",\"url\":\"https:\\\/\\\/www.eifarb.ch\\\/impressum\\\/\",\"name\":\"Impresseum - nat\u00fcrliche Eierfarben\",\"isPartOf\":{\"@id\":\"https:\\\/\\\/www.eifarb.ch\\\/#website\"},\"datePublished\":\"2016-02-17T07:48:09+00:00\",\"dateModified\":\"2023-08-31T19:49:01+00:00\",\"description\":\"F\u00fcr die Sicherheit der Daten\u00fcbertragung im Internet k\u00f6nnen wir keine Gew\u00e4hr \u00fcbernehmen. Der Autor \u00fcbernimmt keinerlei Gew\u00e4hr hinsichtlich der Richtigkeit.\",\"breadcrumb\":{\"@id\":\"https:\\\/\\\/www.eifarb.ch\\\/impressum\\\/#breadcrumb\"},\"inLanguage\":\"fr-FR\",\"potentialAction\":[{\"@type\":\"ReadAction\",\"target\":[\"https:\\\/\\\/www.eifarb.ch\\\/impressum\\\/\"]}]},{\"@type\":\"BreadcrumbList\",\"@id\":\"https:\\\/\\\/www.eifarb.ch\\\/impressum\\\/#breadcrumb\",\"itemListElement\":[{\"@type\":\"ListItem\",\"position\":1,\"name\":\"Startseite\",\"item\":\"https:\\\/\\\/www.eifarb.ch\\\/natuerliche-ostereier-farben\\\/\"},{\"@type\":\"ListItem\",\"position\":2,\"name\":\"Impressum\"}]},{\"@type\":\"WebSite\",\"@id\":\"https:\\\/\\\/www.eifarb.ch\\\/#website\",\"url\":\"https:\\\/\\\/www.eifarb.ch\\\/\",\"name\":\"nat\u00fcrliche Oster Eierfarben - Shop\",\"description\":\"Ostereier f\u00e4rben mit Farben aus der Natur\",\"potentialAction\":[{\"@type\":\"SearchAction\",\"target\":{\"@type\":\"EntryPoint\",\"urlTemplate\":\"https:\\\/\\\/www.eifarb.ch\\\/?s={search_term_string}\"},\"query-input\":{\"@type\":\"PropertyValueSpecification\",\"valueRequired\":true,\"valueName\":\"search_term_string\"}}],\"inLanguage\":\"fr-FR\"}]}<\/script>\n<!-- \/ Yoast SEO plugin. -->","yoast_head_json":{"title":"Impresseum - peintures naturelles pour \u0153ufs","description":"Nous ne pouvons pas garantir la s\u00e9curit\u00e9 de la transmission des donn\u00e9es sur Internet. L'auteur n'assume aucune garantie quant \u00e0 l'exactitude.","robots":{"index":"index","follow":"follow","max-snippet":"max-snippet:-1","max-image-preview":"max-image-preview:large","max-video-preview":"max-video-preview:-1"},"canonical":"https:\/\/www.eifarb.ch\/fr\/impressum\/","og_locale":"fr_FR","og_type":"article","og_title":"Impresseum - nat\u00fcrliche Eierfarben","og_description":"F\u00fcr die Sicherheit der Daten\u00fcbertragung im Internet k\u00f6nnen wir keine Gew\u00e4hr \u00fcbernehmen. Der Autor \u00fcbernimmt keinerlei Gew\u00e4hr hinsichtlich der Richtigkeit.","og_url":"https:\/\/www.eifarb.ch\/fr\/impressum\/","og_site_name":"nat\u00fcrliche Oster Eierfarben - Shop","article_modified_time":"2023-08-31T19:49:01+00:00","twitter_card":"summary_large_image","twitter_misc":{"Dur\u00e9e de lecture estim\u00e9e":"1 minute"},"schema":{"@context":"https:\/\/schema.org","@graph":[{"@type":"WebPage","@id":"https:\/\/www.eifarb.ch\/impressum\/","url":"https:\/\/www.eifarb.ch\/impressum\/","name":"Impresseum - peintures naturelles pour \u0153ufs","isPartOf":{"@id":"https:\/\/www.eifarb.ch\/#website"},"datePublished":"2016-02-17T07:48:09+00:00","dateModified":"2023-08-31T19:49:01+00:00","description":"Nous ne pouvons pas garantir la s\u00e9curit\u00e9 de la transmission des donn\u00e9es sur Internet. L'auteur n'assume aucune garantie quant \u00e0 l'exactitude.","breadcrumb":{"@id":"https:\/\/www.eifarb.ch\/impressum\/#breadcrumb"},"inLanguage":"fr-FR","potentialAction":[{"@type":"ReadAction","target":["https:\/\/www.eifarb.ch\/impressum\/"]}]},{"@type":"BreadcrumbList","@id":"https:\/\/www.eifarb.ch\/impressum\/#breadcrumb","itemListElement":[{"@type":"ListItem","position":1,"name":"Startseite","item":"https:\/\/www.eifarb.ch\/natuerliche-ostereier-farben\/"},{"@type":"ListItem","position":2,"name":"Impressum"}]},{"@type":"WebSite","@id":"https:\/\/www.eifarb.ch\/#website","url":"https:\/\/www.eifarb.ch\/","name":"Peintures naturelles pour oeufs de P\u00e2ques - Boutique","description":"Teindre des \u0153ufs de P\u00e2ques avec des couleurs de la nature","potentialAction":[{"@type":"SearchAction","target":{"@type":"EntryPoint","urlTemplate":"https:\/\/www.eifarb.ch\/?s={search_term_string}"},"query-input":{"@type":"PropertyValueSpecification","valueRequired":true,"valueName":"search_term_string"}}],"inLanguage":"fr-FR"}]}},"_links":{"self":[{"href":"https:\/\/www.eifarb.ch\/fr\/wp-json\/wp\/v2\/pages\/804","targetHints":{"allow":["GET"]}}],"collection":[{"href":"https:\/\/www.eifarb.ch\/fr\/wp-json\/wp\/v2\/pages"}],"about":[{"href":"https:\/\/www.eifarb.ch\/fr\/wp-json\/wp\/v2\/types\/page"}],"author":[{"embeddable":true,"href":"https:\/\/www.eifarb.ch\/fr\/wp-json\/wp\/v2\/users\/1"}],"replies":[{"embeddable":true,"href":"https:\/\/www.eifarb.ch\/fr\/wp-json\/wp\/v2\/comments?post=804"}],"version-history":[{"count":2,"href":"https:\/\/www.eifarb.ch\/fr\/wp-json\/wp\/v2\/pages\/804\/revisions"}],"predecessor-version":[{"id":4031,"href":"https:\/\/www.eifarb.ch\/fr\/wp-json\/wp\/v2\/pages\/804\/revisions\/4031"}],"wp:attachment":[{"href":"https:\/\/www.eifarb.ch\/fr\/wp-json\/wp\/v2\/media?parent=804"}],"curies":[{"name":"wp","href":"https:\/\/api.w.org\/{rel}","templated":true}]}}