{"id":823,"date":"2016-02-20T17:37:04","date_gmt":"2016-02-20T16:37:04","guid":{"rendered":"https:\/\/eifarb.ch\/webseite\/?page_id=823"},"modified":"2026-03-16T10:57:07","modified_gmt":"2026-03-16T09:57:07","slug":"kontakt","status":"publish","type":"page","link":"https:\/\/www.eifarb.ch\/fr\/kontakt\/","title":{"rendered":"Contact"},"content":{"rendered":"<style type=\"text\/css\" data-created_by=\"avia_inline_auto\" id=\"style-css-av-1mjnmv-2fec0a082a98027e63641044e5c035d3\">\n.flex_column.av-1mjnmv-2fec0a082a98027e63641044e5c035d3{\nborder-radius:0px 0px 0px 0px;\npadding:0px 0px 0px 0px;\n}\n<\/style>\n<div  class='flex_column av-1mjnmv-2fec0a082a98027e63641044e5c035d3 av_two_third  avia-builder-el-0  el_before_av_one_third  avia-builder-el-first  first flex_column_div av-zero-column-padding'     ><p>\n<style type=\"text\/css\" data-created_by=\"avia_inline_auto\" id=\"style-css-av-a691r-0404c505e332116f9ed08239997d901b\">\n#top .av-special-heading.av-a691r-0404c505e332116f9ed08239997d901b{\npadding-bottom:10px;\n}\nbody .av-special-heading.av-a691r-0404c505e332116f9ed08239997d901b .av-special-heading-tag .heading-char{\nfont-size:25px;\n}\n.av-special-heading.av-a691r-0404c505e332116f9ed08239997d901b .av-subheading{\nfont-size:15px;\n}\n<\/style>\n<div  class='av-special-heading av-a691r-0404c505e332116f9ed08239997d901b av-special-heading-h1 blockquote modern-quote  avia-builder-el-1  el_before_av_textblock  avia-builder-el-first'><h1 class='av-special-heading-tag'  itemprop=\"headline\"  >Contact<\/h1><div class=\"special-heading-border\"><div class=\"special-heading-inner-border\"><\/div><\/div><\/div><br \/>\n<section  class='av_textblock_section av-17vccf-e2c24d69a52c36444bddd716f928cc12'   itemscope=\"itemscope\" itemtype=\"https:\/\/schema.org\/CreativeWork\" ><div class='avia_textblock'  itemprop=\"text\" ><p>Si vous avez des questions sur les couleurs d'\u0153ufs et leur utilisation, n'h\u00e9sitez pas \u00e0 nous contacter par e-mail. <strong><a href=\"\/fr\/&\/#x6d;&#x61;&#x69;&#x6c;&#116;&#111;&#58;ko&#x6e;&#x74;&#x61;&#x6b;&#x74;&#64;&#101;&#105;fa&#x72;&#x62;&#x2e;&#x63;&#x68;\">Courrier \u00e9lectronique<\/a><\/strong> \u00e0 disposition.<\/p>\n<p>Spruchreif GmbH<br \/>\n3, rue R\u00fcsseck<br \/>\n4800 Zofingen<br \/>\n079 325 27 82<\/p>\n<p><a href=\"\/fr\/mail&\/#116;&#111;&#58;&#107;&#111;&#110;&#116;&#x61;&#x6b;&#x74;&#x40;&#x65;&#x69;&#x66;&#x61;&#x72;b&#46;ch\">kontakt@eifarb.ch<\/a><\/p>\n<\/div><\/section><\/p><\/div>\n<style type=\"text\/css\" data-created_by=\"avia_inline_auto\" id=\"style-css-av-8r4rr-1cb54d25776d8cba26bc9ec7728eb6f8\">\n.flex_column.av-8r4rr-1cb54d25776d8cba26bc9ec7728eb6f8{\nborder-radius:0px 0px 0px 0px;\npadding:0px 0px 0px 0px;\n}\n<\/style>\n<div  class='flex_column av-8r4rr-1cb54d25776d8cba26bc9ec7728eb6f8 av_one_third  avia-builder-el-3  el_after_av_two_third  avia-builder-el-last  flex_column_div av-zero-column-padding'     ><\/div><\/p>","protected":false},"excerpt":{"rendered":"","protected":false},"author":1,"featured_media":0,"parent":0,"menu_order":0,"comment_status":"closed","ping_status":"closed","template":"","meta":{"footnotes":""},"class_list":["post-823","page","type-page","status-publish","hentry"],"yoast_head":"<!-- This site is optimized with the Yoast SEO plugin v27.4 - https:\/\/yoast.com\/product\/yoast-seo-wordpress\/ -->\n<title>Kontakt \u2013 eifarb.ch | Nat\u00fcrliche Eierfarben aus der Schweiz<\/title>\n<meta name=\"description\" content=\"Fragen zu unseren nat\u00fcrlichen Eierfarben? Kontaktiere uns \u2013 wir helfen dir gerne weiter. eifarb.ch von Spruchreif GmbH.\" \/>\n<meta name=\"robots\" content=\"index, follow, max-snippet:-1, max-image-preview:large, max-video-preview:-1\" \/>\n<link rel=\"canonical\" href=\"https:\/\/www.eifarb.ch\/fr\/kontakt\/\" \/>\n<meta property=\"og:locale\" content=\"fr_FR\" \/>\n<meta property=\"og:type\" content=\"article\" \/>\n<meta property=\"og:title\" content=\"Kontakt \u2013 eifarb.ch | Nat\u00fcrliche Eierfarben aus der Schweiz\" \/>\n<meta property=\"og:description\" content=\"Fragen zu unseren nat\u00fcrlichen Eierfarben? Kontaktiere uns \u2013 wir helfen dir gerne weiter. eifarb.ch von Spruchreif GmbH.\" \/>\n<meta property=\"og:url\" content=\"https:\/\/www.eifarb.ch\/fr\/kontakt\/\" \/>\n<meta property=\"og:site_name\" content=\"nat\u00fcrliche Oster Eierfarben - Shop\" \/>\n<meta property=\"article:modified_time\" content=\"2026-03-16T09:57:07+00:00\" \/>\n<meta name=\"twitter:card\" content=\"summary_large_image\" \/>\n<meta name=\"twitter:label1\" content=\"Dur\u00e9e de lecture estim\u00e9e\" \/>\n\t<meta name=\"twitter:data1\" content=\"1 minute\" \/>\n<script type=\"application\/ld+json\" class=\"yoast-schema-graph\">{\"@context\":\"https:\\\/\\\/schema.org\",\"@graph\":[{\"@type\":\"WebPage\",\"@id\":\"https:\\\/\\\/www.eifarb.ch\\\/kontakt\\\/\",\"url\":\"https:\\\/\\\/www.eifarb.ch\\\/kontakt\\\/\",\"name\":\"Kontakt \u2013 eifarb.ch | Nat\u00fcrliche Eierfarben aus der Schweiz\",\"isPartOf\":{\"@id\":\"https:\\\/\\\/www.eifarb.ch\\\/#website\"},\"datePublished\":\"2016-02-20T16:37:04+00:00\",\"dateModified\":\"2026-03-16T09:57:07+00:00\",\"description\":\"Fragen zu unseren nat\u00fcrlichen Eierfarben? Kontaktiere uns \u2013 wir helfen dir gerne weiter. eifarb.ch von Spruchreif GmbH.\",\"breadcrumb\":{\"@id\":\"https:\\\/\\\/www.eifarb.ch\\\/kontakt\\\/#breadcrumb\"},\"inLanguage\":\"fr-FR\",\"potentialAction\":[{\"@type\":\"ReadAction\",\"target\":[\"https:\\\/\\\/www.eifarb.ch\\\/kontakt\\\/\"]}]},{\"@type\":\"BreadcrumbList\",\"@id\":\"https:\\\/\\\/www.eifarb.ch\\\/kontakt\\\/#breadcrumb\",\"itemListElement\":[{\"@type\":\"ListItem\",\"position\":1,\"name\":\"Startseite\",\"item\":\"https:\\\/\\\/www.eifarb.ch\\\/natuerliche-ostereier-farben\\\/\"},{\"@type\":\"ListItem\",\"position\":2,\"name\":\"Kontakt\"}]},{\"@type\":\"WebSite\",\"@id\":\"https:\\\/\\\/www.eifarb.ch\\\/#website\",\"url\":\"https:\\\/\\\/www.eifarb.ch\\\/\",\"name\":\"nat\u00fcrliche Oster Eierfarben - Shop\",\"description\":\"Ostereier f\u00e4rben mit Farben aus der Natur\",\"potentialAction\":[{\"@type\":\"SearchAction\",\"target\":{\"@type\":\"EntryPoint\",\"urlTemplate\":\"https:\\\/\\\/www.eifarb.ch\\\/?s={search_term_string}\"},\"query-input\":{\"@type\":\"PropertyValueSpecification\",\"valueRequired\":true,\"valueName\":\"search_term_string\"}}],\"inLanguage\":\"fr-FR\"}]}<\/script>\n<!-- \/ Yoast SEO plugin. -->","yoast_head_json":{"title":"Kontakt \u2013 eifarb.ch | Nat\u00fcrliche Eierfarben aus der Schweiz","description":"Fragen zu unseren nat\u00fcrlichen Eierfarben? Kontaktiere uns \u2013 wir helfen dir gerne weiter. eifarb.ch von Spruchreif GmbH.","robots":{"index":"index","follow":"follow","max-snippet":"max-snippet:-1","max-image-preview":"max-image-preview:large","max-video-preview":"max-video-preview:-1"},"canonical":"https:\/\/www.eifarb.ch\/fr\/kontakt\/","og_locale":"fr_FR","og_type":"article","og_title":"Kontakt \u2013 eifarb.ch | Nat\u00fcrliche Eierfarben aus der Schweiz","og_description":"Fragen zu unseren nat\u00fcrlichen Eierfarben? Kontaktiere uns \u2013 wir helfen dir gerne weiter. eifarb.ch von Spruchreif GmbH.","og_url":"https:\/\/www.eifarb.ch\/fr\/kontakt\/","og_site_name":"nat\u00fcrliche Oster Eierfarben - Shop","article_modified_time":"2026-03-16T09:57:07+00:00","twitter_card":"summary_large_image","twitter_misc":{"Dur\u00e9e de lecture estim\u00e9e":"1 minute"},"schema":{"@context":"https:\/\/schema.org","@graph":[{"@type":"WebPage","@id":"https:\/\/www.eifarb.ch\/kontakt\/","url":"https:\/\/www.eifarb.ch\/kontakt\/","name":"Kontakt \u2013 eifarb.ch | Nat\u00fcrliche Eierfarben aus der Schweiz","isPartOf":{"@id":"https:\/\/www.eifarb.ch\/#website"},"datePublished":"2016-02-20T16:37:04+00:00","dateModified":"2026-03-16T09:57:07+00:00","description":"Fragen zu unseren nat\u00fcrlichen Eierfarben? Kontaktiere uns \u2013 wir helfen dir gerne weiter. eifarb.ch von Spruchreif GmbH.","breadcrumb":{"@id":"https:\/\/www.eifarb.ch\/kontakt\/#breadcrumb"},"inLanguage":"fr-FR","potentialAction":[{"@type":"ReadAction","target":["https:\/\/www.eifarb.ch\/kontakt\/"]}]},{"@type":"BreadcrumbList","@id":"https:\/\/www.eifarb.ch\/kontakt\/#breadcrumb","itemListElement":[{"@type":"ListItem","position":1,"name":"Startseite","item":"https:\/\/www.eifarb.ch\/natuerliche-ostereier-farben\/"},{"@type":"ListItem","position":2,"name":"Kontakt"}]},{"@type":"WebSite","@id":"https:\/\/www.eifarb.ch\/#website","url":"https:\/\/www.eifarb.ch\/","name":"Peintures naturelles pour oeufs de P\u00e2ques - Boutique","description":"Teindre des \u0153ufs de P\u00e2ques avec des couleurs de la nature","potentialAction":[{"@type":"SearchAction","target":{"@type":"EntryPoint","urlTemplate":"https:\/\/www.eifarb.ch\/?s={search_term_string}"},"query-input":{"@type":"PropertyValueSpecification","valueRequired":true,"valueName":"search_term_string"}}],"inLanguage":"fr-FR"}]}},"_links":{"self":[{"href":"https:\/\/www.eifarb.ch\/fr\/wp-json\/wp\/v2\/pages\/823","targetHints":{"allow":["GET"]}}],"collection":[{"href":"https:\/\/www.eifarb.ch\/fr\/wp-json\/wp\/v2\/pages"}],"about":[{"href":"https:\/\/www.eifarb.ch\/fr\/wp-json\/wp\/v2\/types\/page"}],"author":[{"embeddable":true,"href":"https:\/\/www.eifarb.ch\/fr\/wp-json\/wp\/v2\/users\/1"}],"replies":[{"embeddable":true,"href":"https:\/\/www.eifarb.ch\/fr\/wp-json\/wp\/v2\/comments?post=823"}],"version-history":[{"count":2,"href":"https:\/\/www.eifarb.ch\/fr\/wp-json\/wp\/v2\/pages\/823\/revisions"}],"predecessor-version":[{"id":4438,"href":"https:\/\/www.eifarb.ch\/fr\/wp-json\/wp\/v2\/pages\/823\/revisions\/4438"}],"wp:attachment":[{"href":"https:\/\/www.eifarb.ch\/fr\/wp-json\/wp\/v2\/media?parent=823"}],"curies":[{"name":"wp","href":"https:\/\/api.w.org\/{rel}","templated":true}]}}