{"id":781,"date":"2016-02-16T19:07:13","date_gmt":"2016-02-16T18:07:13","guid":{"rendered":"https:\/\/eifarb.ch\/webseite\/?post_type=product&#038;p=781"},"modified":"2026-04-19T08:33:09","modified_gmt":"2026-04-19T06:33:09","slug":"eierfarbe-roetlich-gelb","status":"publish","type":"product","link":"https:\/\/www.eifarb.ch\/fr\/produit\/eierfarbe-roetlich-gelb\/","title":{"rendered":"Couleur des \u0153ufs ocre jaune"},"content":{"rendered":"<p><strong>Couleur naturelle des \u0153ufs<\/strong><\/p>\n<p><strong>couleur :<\/strong> ocre jaune<br \/>\n<strong>Contenu :<\/strong> Graines d'annatto<br \/>\n<strong>Poids :<\/strong> environ 100g<\/p>\n<p><strong>Application :<\/strong><br \/>\nVerser 4-5 cuill\u00e8res \u00e0 soupe du m\u00e9lange dans 1 1\/2 litre d'eau froide, porter lentement \u00e0 \u00e9bullition et laisser refroidir \u00e0 nouveau un peu. Y plonger les \u0153ufs crus et les faire durcir \u00e0 volont\u00e9.<\/p>\n<p>Erfahre mehr \u00fcber die Geschichte und Herkunft von Annattosamen auf unserer <a href=\"https:\/\/www.eifarb.ch\/fr\/eierfarben\/\">Eierfarben-\u00dcbersicht<\/a>. Die Anleitung zum F\u00e4rben findest du <a href=\"\/fr\/ostereier-faerben\/\">hier<\/a>.<\/p>\n<p><strong>\u00c0 partir de 70 CHF, nous livrons sans frais de port.<\/strong><\/p>\n<div  class='avia-button-wrap av-ad696-0e6675a5185fade4671bd299ade3e465-wrap avia-button-left  avia-builder-el-0  avia-builder-el-no-sibling'><a href='https:\/\/www.eifarb.ch\/fr\/shop\/'  class='avia-button av-ad696-0e6675a5185fade4671bd299ade3e465 av-link-btn avia-icon_select-no avia-size-medium avia-position-left avia-color-theme-color'   aria-label=\"vers toutes les couleurs d&#039;\u0153ufs\"><span class='avia_iconbox_title' >vers toutes les couleurs d'\u0153ufs<\/span><\/a><\/div>","protected":false},"excerpt":{"rendered":"<p><strong><span class=\"success-msg inline-block mb-1 mr-4\">pr\u00eat \u00e0 \u00eatre exp\u00e9di\u00e9 imm\u00e9diatement<\/span><\/strong><\/p>","protected":false},"featured_media":1276,"template":"","meta":[],"product_brand":[],"product_cat":[26],"product_tag":[27,39,28,29,30,31,42],"class_list":{"0":"post-781","1":"product","2":"type-product","3":"status-publish","4":"has-post-thumbnail","6":"product_cat-eierfarben","7":"product_tag-eierfarbe","8":"product_tag-gelb","9":"product_tag-ostereierfarbe","10":"product_tag-rot","11":"product_tag-rote-ostereier","12":"product_tag-rote-ostereierfarbe","13":"product_tag-rotgelb","15":"first","16":"instock","17":"shipping-taxable","18":"purchasable","19":"product-type-simple"},"yoast_head":"<!-- This site is optimized with the Yoast SEO plugin v27.5 - https:\/\/yoast.com\/product\/yoast-seo-wordpress\/ -->\n<title>Eierfarbe r\u00f6tlich-gelb<\/title>\n<meta name=\"description\" content=\"Nat\u00fcrliche Eierfarbe ockergelb. F\u00e4rben Sie mit Farben aus der Natur und bringen Sie nat\u00fcrliche Farben in Ihr Osternest.\u00a0\" \/>\n<meta name=\"robots\" content=\"index, follow, max-snippet:-1, max-image-preview:large, max-video-preview:-1\" \/>\n<link rel=\"canonical\" href=\"https:\/\/www.eifarb.ch\/fr\/produit\/eierfarbe-roetlich-gelb\/\" \/>\n<meta property=\"og:locale\" content=\"fr_FR\" \/>\n<meta property=\"og:type\" content=\"article\" \/>\n<meta property=\"og:title\" content=\"Eierfarbe r\u00f6tlich-gelb\" \/>\n<meta property=\"og:description\" content=\"Nat\u00fcrliche Eierfarbe ockergelb. F\u00e4rben Sie mit Farben aus der Natur und bringen Sie nat\u00fcrliche Farben in Ihr Osternest.\u00a0\" \/>\n<meta property=\"og:url\" content=\"https:\/\/www.eifarb.ch\/fr\/produit\/eierfarbe-roetlich-gelb\/\" \/>\n<meta property=\"og:site_name\" content=\"nat\u00fcrliche Oster Eierfarben - Shop\" \/>\n<meta property=\"article:modified_time\" content=\"2026-04-19T06:33:09+00:00\" \/>\n<meta property=\"og:image\" content=\"https:\/\/www.eifarb.ch\/webseite\/wp-content\/uploads\/2020\/02\/anattosamen-rot-gelb-eier-farbe-ostern.jpg\" \/>\n\t<meta property=\"og:image:width\" content=\"2500\" \/>\n\t<meta property=\"og:image:height\" content=\"2500\" \/>\n\t<meta property=\"og:image:type\" content=\"image\/jpeg\" \/>\n<meta name=\"twitter:card\" content=\"summary_large_image\" \/>\n<meta name=\"twitter:label1\" content=\"Dur\u00e9e de lecture estim\u00e9e\" \/>\n\t<meta name=\"twitter:data1\" content=\"1 minute\" \/>\n<script type=\"application\/ld+json\" class=\"yoast-schema-graph\">{\"@context\":\"https:\\\/\\\/schema.org\",\"@graph\":[{\"@type\":\"WebPage\",\"@id\":\"https:\\\/\\\/www.eifarb.ch\\\/produkt\\\/eierfarbe-roetlich-gelb\\\/\",\"url\":\"https:\\\/\\\/www.eifarb.ch\\\/produkt\\\/eierfarbe-roetlich-gelb\\\/\",\"name\":\"Eierfarbe r\u00f6tlich-gelb\",\"isPartOf\":{\"@id\":\"https:\\\/\\\/www.eifarb.ch\\\/#website\"},\"primaryImageOfPage\":{\"@id\":\"https:\\\/\\\/www.eifarb.ch\\\/produkt\\\/eierfarbe-roetlich-gelb\\\/#primaryimage\"},\"image\":{\"@id\":\"https:\\\/\\\/www.eifarb.ch\\\/produkt\\\/eierfarbe-roetlich-gelb\\\/#primaryimage\"},\"thumbnailUrl\":\"https:\\\/\\\/www.eifarb.ch\\\/webseite\\\/wp-content\\\/uploads\\\/2020\\\/02\\\/anattosamen-rot-gelb-eier-farbe-ostern.jpg\",\"datePublished\":\"2016-02-16T18:07:13+00:00\",\"dateModified\":\"2026-04-19T06:33:09+00:00\",\"description\":\"Nat\u00fcrliche Eierfarbe ockergelb. F\u00e4rben Sie mit Farben aus der Natur und bringen Sie nat\u00fcrliche Farben in Ihr Osternest.\u00a0\",\"breadcrumb\":{\"@id\":\"https:\\\/\\\/www.eifarb.ch\\\/produkt\\\/eierfarbe-roetlich-gelb\\\/#breadcrumb\"},\"inLanguage\":\"fr-FR\",\"potentialAction\":[{\"@type\":\"ReadAction\",\"target\":[\"https:\\\/\\\/www.eifarb.ch\\\/produkt\\\/eierfarbe-roetlich-gelb\\\/\"]}]},{\"@type\":\"ImageObject\",\"inLanguage\":\"fr-FR\",\"@id\":\"https:\\\/\\\/www.eifarb.ch\\\/produkt\\\/eierfarbe-roetlich-gelb\\\/#primaryimage\",\"url\":\"https:\\\/\\\/www.eifarb.ch\\\/webseite\\\/wp-content\\\/uploads\\\/2020\\\/02\\\/anattosamen-rot-gelb-eier-farbe-ostern.jpg\",\"contentUrl\":\"https:\\\/\\\/www.eifarb.ch\\\/webseite\\\/wp-content\\\/uploads\\\/2020\\\/02\\\/anattosamen-rot-gelb-eier-farbe-ostern.jpg\",\"width\":2500,\"height\":2500,\"caption\":\"Nat\u00fcrliche Eierfarbe ocker-gelb \u2013 aus Annattosamen\"},{\"@type\":\"BreadcrumbList\",\"@id\":\"https:\\\/\\\/www.eifarb.ch\\\/produkt\\\/eierfarbe-roetlich-gelb\\\/#breadcrumb\",\"itemListElement\":[{\"@type\":\"ListItem\",\"position\":1,\"name\":\"Startseite\",\"item\":\"https:\\\/\\\/www.eifarb.ch\\\/natuerliche-ostereier-farben\\\/\"},{\"@type\":\"ListItem\",\"position\":2,\"name\":\"Shop\",\"item\":\"https:\\\/\\\/www.eifarb.ch\\\/shop\\\/\"},{\"@type\":\"ListItem\",\"position\":3,\"name\":\"Eierfarbe ocker gelb\"}]},{\"@type\":\"WebSite\",\"@id\":\"https:\\\/\\\/www.eifarb.ch\\\/#website\",\"url\":\"https:\\\/\\\/www.eifarb.ch\\\/\",\"name\":\"nat\u00fcrliche Oster Eierfarben - Shop\",\"description\":\"Ostereier f\u00e4rben mit Farben aus der Natur\",\"potentialAction\":[{\"@type\":\"SearchAction\",\"target\":{\"@type\":\"EntryPoint\",\"urlTemplate\":\"https:\\\/\\\/www.eifarb.ch\\\/?s={search_term_string}\"},\"query-input\":{\"@type\":\"PropertyValueSpecification\",\"valueRequired\":true,\"valueName\":\"search_term_string\"}}],\"inLanguage\":\"fr-FR\"}]}<\/script>\n<!-- \/ Yoast SEO plugin. -->","yoast_head_json":{"title":"Couleur des \u0153ufs jaune-rouge\u00e2tre","description":"Peinture naturelle pour \u0153ufs jaune ocre. Colorez avec des couleurs issues de la nature et apportez des couleurs naturelles dans votre nid de P\u00e2ques.\u00a0","robots":{"index":"index","follow":"follow","max-snippet":"max-snippet:-1","max-image-preview":"max-image-preview:large","max-video-preview":"max-video-preview:-1"},"canonical":"https:\/\/www.eifarb.ch\/fr\/produit\/eierfarbe-roetlich-gelb\/","og_locale":"fr_FR","og_type":"article","og_title":"Eierfarbe r\u00f6tlich-gelb","og_description":"Nat\u00fcrliche Eierfarbe ockergelb. F\u00e4rben Sie mit Farben aus der Natur und bringen Sie nat\u00fcrliche Farben in Ihr Osternest.\u00a0","og_url":"https:\/\/www.eifarb.ch\/fr\/produit\/eierfarbe-roetlich-gelb\/","og_site_name":"nat\u00fcrliche Oster Eierfarben - Shop","article_modified_time":"2026-04-19T06:33:09+00:00","og_image":[{"width":2500,"height":2500,"url":"https:\/\/www.eifarb.ch\/webseite\/wp-content\/uploads\/2020\/02\/anattosamen-rot-gelb-eier-farbe-ostern.jpg","type":"image\/jpeg"}],"twitter_card":"summary_large_image","twitter_misc":{"Dur\u00e9e de lecture estim\u00e9e":"1 minute"},"schema":{"@context":"https:\/\/schema.org","@graph":[{"@type":"WebPage","@id":"https:\/\/www.eifarb.ch\/produkt\/eierfarbe-roetlich-gelb\/","url":"https:\/\/www.eifarb.ch\/produkt\/eierfarbe-roetlich-gelb\/","name":"Couleur des \u0153ufs jaune-rouge\u00e2tre","isPartOf":{"@id":"https:\/\/www.eifarb.ch\/#website"},"primaryImageOfPage":{"@id":"https:\/\/www.eifarb.ch\/produkt\/eierfarbe-roetlich-gelb\/#primaryimage"},"image":{"@id":"https:\/\/www.eifarb.ch\/produkt\/eierfarbe-roetlich-gelb\/#primaryimage"},"thumbnailUrl":"https:\/\/www.eifarb.ch\/webseite\/wp-content\/uploads\/2020\/02\/anattosamen-rot-gelb-eier-farbe-ostern.jpg","datePublished":"2016-02-16T18:07:13+00:00","dateModified":"2026-04-19T06:33:09+00:00","description":"Peinture naturelle pour \u0153ufs jaune ocre. Colorez avec des couleurs issues de la nature et apportez des couleurs naturelles dans votre nid de P\u00e2ques.\u00a0","breadcrumb":{"@id":"https:\/\/www.eifarb.ch\/produkt\/eierfarbe-roetlich-gelb\/#breadcrumb"},"inLanguage":"fr-FR","potentialAction":[{"@type":"ReadAction","target":["https:\/\/www.eifarb.ch\/produkt\/eierfarbe-roetlich-gelb\/"]}]},{"@type":"ImageObject","inLanguage":"fr-FR","@id":"https:\/\/www.eifarb.ch\/produkt\/eierfarbe-roetlich-gelb\/#primaryimage","url":"https:\/\/www.eifarb.ch\/webseite\/wp-content\/uploads\/2020\/02\/anattosamen-rot-gelb-eier-farbe-ostern.jpg","contentUrl":"https:\/\/www.eifarb.ch\/webseite\/wp-content\/uploads\/2020\/02\/anattosamen-rot-gelb-eier-farbe-ostern.jpg","width":2500,"height":2500,"caption":"Nat\u00fcrliche Eierfarbe ocker-gelb \u2013 aus Annattosamen"},{"@type":"BreadcrumbList","@id":"https:\/\/www.eifarb.ch\/produkt\/eierfarbe-roetlich-gelb\/#breadcrumb","itemListElement":[{"@type":"ListItem","position":1,"name":"Startseite","item":"https:\/\/www.eifarb.ch\/natuerliche-ostereier-farben\/"},{"@type":"ListItem","position":2,"name":"Shop","item":"https:\/\/www.eifarb.ch\/shop\/"},{"@type":"ListItem","position":3,"name":"Eierfarbe ocker gelb"}]},{"@type":"WebSite","@id":"https:\/\/www.eifarb.ch\/#website","url":"https:\/\/www.eifarb.ch\/","name":"Peintures naturelles pour oeufs de P\u00e2ques - Boutique","description":"Teindre des \u0153ufs de P\u00e2ques avec des couleurs de la nature","potentialAction":[{"@type":"SearchAction","target":{"@type":"EntryPoint","urlTemplate":"https:\/\/www.eifarb.ch\/?s={search_term_string}"},"query-input":{"@type":"PropertyValueSpecification","valueRequired":true,"valueName":"search_term_string"}}],"inLanguage":"fr-FR"}]}},"_links":{"self":[{"href":"https:\/\/www.eifarb.ch\/fr\/wp-json\/wp\/v2\/product\/781","targetHints":{"allow":["GET"]}}],"collection":[{"href":"https:\/\/www.eifarb.ch\/fr\/wp-json\/wp\/v2\/product"}],"about":[{"href":"https:\/\/www.eifarb.ch\/fr\/wp-json\/wp\/v2\/types\/product"}],"wp:featuredmedia":[{"embeddable":true,"href":"https:\/\/www.eifarb.ch\/fr\/wp-json\/wp\/v2\/media\/1276"}],"wp:attachment":[{"href":"https:\/\/www.eifarb.ch\/fr\/wp-json\/wp\/v2\/media?parent=781"}],"wp:term":[{"taxonomy":"product_brand","embeddable":true,"href":"https:\/\/www.eifarb.ch\/fr\/wp-json\/wp\/v2\/product_brand?post=781"},{"taxonomy":"product_cat","embeddable":true,"href":"https:\/\/www.eifarb.ch\/fr\/wp-json\/wp\/v2\/product_cat?post=781"},{"taxonomy":"product_tag","embeddable":true,"href":"https:\/\/www.eifarb.ch\/fr\/wp-json\/wp\/v2\/product_tag?post=781"}],"curies":[{"name":"wp","href":"https:\/\/api.w.org\/{rel}","templated":true}]}}