{"id":4471,"date":"2026-03-16T17:53:07","date_gmt":"2026-03-16T16:53:07","guid":{"rendered":"https:\/\/www.eifarb.ch\/?page_id=4471"},"modified":"2026-03-17T15:17:52","modified_gmt":"2026-03-17T14:17:52","slug":"artikel-und-ratgeber","status":"publish","type":"page","link":"https:\/\/www.eifarb.ch\/it\/artikel-und-ratgeber\/","title":{"rendered":"Artikel und Ratgeber"},"content":{"rendered":"<div id='av_section_1'  class='avia-section av-37sh6f-031d31723c04c13e15ae4efbac4aee11 main_color avia-section-default avia-no-border-styling  avia-builder-el-0  avia-builder-el-no-sibling  avia-bg-style-scroll container_wrap fullsize'  ><div class='container av-section-cont-open' ><main  role=\"main\" itemprop=\"mainContentOfPage\"  class='template-page content  av-content-full alpha units'><div class='post-entry post-entry-type-page post-entry-4471'><div class='entry-content-wrapper clearfix'>\n\n<style type=\"text\/css\" data-created_by=\"avia_inline_auto\" id=\"style-css-av-mmtfe0xm-e3e87ee2cffbdb81cd1f44e131afda47\">\n#top .av-special-heading.av-mmtfe0xm-e3e87ee2cffbdb81cd1f44e131afda47{\npadding-bottom:10px;\n}\nbody .av-special-heading.av-mmtfe0xm-e3e87ee2cffbdb81cd1f44e131afda47 .av-special-heading-tag .heading-char{\nfont-size:25px;\n}\n.av-special-heading.av-mmtfe0xm-e3e87ee2cffbdb81cd1f44e131afda47 .av-subheading{\nfont-size:15px;\n}\n<\/style>\n<div  class='av-special-heading av-mmtfe0xm-e3e87ee2cffbdb81cd1f44e131afda47 av-special-heading-h1 blockquote modern-quote  avia-builder-el-1  el_before_av_magazine  avia-builder-el-first'><h1 class='av-special-heading-tag'  itemprop=\"headline\"  >Artikel und Ratgeber<\/h1><div class=\"special-heading-border\"><div class=\"special-heading-inner-border\"><\/div><\/div><\/div>\n<div  id=\"avia-magazine-1\"  class='av-magazine av-mmup3iyv-270978504b9965119cbf63ca5add964a  avia-builder-el-2  el_after_av_heading  avia-builder-el-last   avia-builder-el-2  el_after_av_heading  avia-builder-el-last' ><div class='av-magazine-group sort_all'><article class='av-magazine-entry av-magazine-entry-id-4476 av-magazine-format-standard av-magazine-type-post av-magazine-entry-1 av-magazine-entry-small'  itemscope=\"itemscope\" itemtype=\"https:\/\/schema.org\/CreativeWork\" ><div class=\"av-magazine-thumbnail\"><a href='https:\/\/www.eifarb.ch\/it\/ostereier-faerben-mit-kindern-so-gelingt-es-natuerlich-und-sicher\/' title='Link a: Ostereier f\u00e4rben mit Kindern \u2013 so gelingt es nat\u00fcrlich und sicher' class='av-magazine-thumbnail-link'><img decoding=\"async\" fetchpriority=\"high\" width=\"80\" height=\"80\" src=\"https:\/\/www.eifarb.ch\/webseite\/wp-content\/uploads\/2016\/02\/farbige-eier-set-quadratisch-80x80.jpg\" class=\"wp-image-923 avia-img-lazy-loading-not-923 attachment-thumbnail size-thumbnail wp-post-image\" alt=\"\" srcset=\"https:\/\/www.eifarb.ch\/webseite\/wp-content\/uploads\/2016\/02\/farbige-eier-set-quadratisch-80x80.jpg 80w, https:\/\/www.eifarb.ch\/webseite\/wp-content\/uploads\/2016\/02\/farbige-eier-set-quadratisch-450x450.jpg 450w, https:\/\/www.eifarb.ch\/webseite\/wp-content\/uploads\/2016\/02\/farbige-eier-set-quadratisch-100x100.jpg 100w, https:\/\/www.eifarb.ch\/webseite\/wp-content\/uploads\/2016\/02\/farbige-eier-set-quadratisch-300x300.jpg 300w, https:\/\/www.eifarb.ch\/webseite\/wp-content\/uploads\/2016\/02\/farbige-eier-set-quadratisch-768x768.jpg 768w, https:\/\/www.eifarb.ch\/webseite\/wp-content\/uploads\/2016\/02\/farbige-eier-set-quadratisch-1030x1030.jpg 1030w, https:\/\/www.eifarb.ch\/webseite\/wp-content\/uploads\/2016\/02\/farbige-eier-set-quadratisch-36x36.jpg 36w, https:\/\/www.eifarb.ch\/webseite\/wp-content\/uploads\/2016\/02\/farbige-eier-set-quadratisch-180x180.jpg 180w, https:\/\/www.eifarb.ch\/webseite\/wp-content\/uploads\/2016\/02\/farbige-eier-set-quadratisch-1500x1500.jpg 1500w, https:\/\/www.eifarb.ch\/webseite\/wp-content\/uploads\/2016\/02\/farbige-eier-set-quadratisch-705x705.jpg 705w, https:\/\/www.eifarb.ch\/webseite\/wp-content\/uploads\/2016\/02\/farbige-eier-set-quadratisch.jpg 2000w\" sizes=\"(max-width: 80px) 100vw, 80px\" \/><\/a><\/div><div class=\"av-magazine-content-wrap\"><header class=\"entry-content-header\" aria-label=\"Post: Ostereier f\u00e4rben mit Kindern \u2013 so gelingt es nat\u00fcrlich und sicher\"><time class='av-magazine-time updated'  itemprop=\"datePublished\" datetime=\"2026-03-16T19:52:29+01:00\" >16. Marzo 2026<\/time><h3 class='av-magazine-title entry-title'  itemprop=\"headline\" ><a href='https:\/\/www.eifarb.ch\/it\/ostereier-faerben-mit-kindern-so-gelingt-es-natuerlich-und-sicher\/' title='Link a: Ostereier f\u00e4rben mit Kindern \u2013 so gelingt es nat\u00fcrlich und sicher'>Ostereier f\u00e4rben mit Kindern \u2013 so gelingt es nat\u00fcrlich und sicher<\/a><\/h3><\/header><\/div><footer class=\"entry-footer\"><\/footer><\/article><\/div><\/div>\n<div id='av-masonry-1' class='av-masonry av-mmup5lq4-0cceef330cdc593e57147b1aebe35b85 noHover av-fixed-size av-1px-gap av-hover-overlay-active av-masonry-animation-active av-masonry-col-flexible av-caption-always av-caption-style- av-masonry-entries' data-post_id=\"4471\"><div class=\"av-masonry-container isotope av-js-disabled\"><div class='av-masonry-entry isotope-item av-masonry-item-no-image all_sort allgemein_sort'><\/div><a href=\"https:\/\/www.eifarb.ch\/it\/ostereier-faerben-mit-kindern-so-gelingt-es-natuerlich-und-sicher\/\"  id='av-masonry-1-item-4476' data-av-masonry-item='4476' class='av-masonry-entry isotope-item post-4476 post type-post status-publish format-standard has-post-thumbnail hentry category-allgemein all_sort allgemein_sort  av-masonry-item-with-image av-grid-img' title=\"Gef\u00e4rbte Ostereier &#8211; Set\"   itemscope=\"itemscope\" itemtype=\"https:\/\/schema.org\/CreativeWork\" ><div class='av-inner-masonry-sizer'><\/div><figure class='av-inner-masonry main_color'><div class=\"av-masonry-outerimage-container\"><div class='av-masonry-image-container' style=\"background-image: url(https:\/\/www.eifarb.ch\/webseite\/wp-content\/uploads\/2016\/02\/farbige-eier-set-quadratisch-705x705.jpg);\"  title=\"Gef\u00e4rbte Ostereier &#8211; Set\" ><\/div><\/div><figcaption class='av-inner-masonry-content site-background'><div class='av-inner-masonry-content-pos'><div class='av-inner-masonry-content-pos-content'><div class='avia-arrow'><\/div><h3 class='av-masonry-entry-title entry-title'  itemprop=\"headline\" >Ostereier f\u00e4rben mit Kindern \u2013 so gelingt es nat\u00fcrlich und sicher<\/h3><div class='av-masonry-entry-content entry-content'  itemprop=\"text\" >Ostereier f\u00e4rben geh\u00f6rt f\u00fcr viele Familien fest zur Osterzeit.\u2026<\/div><span class='av-masonry-date meta-color updated'>16. Marzo 2026<\/span><span class=\"av-masonry-text-sep text-sep-author\">\/<\/span><span class='av-masonry-author meta-color author'><span class='fn'>da mattmah<\/span><\/span><\/div><\/div><\/figcaption><\/figure><\/a><!--end av-masonry entry--><\/div><\/div>","protected":false},"excerpt":{"rendered":"","protected":false},"author":1,"featured_media":0,"parent":0,"menu_order":0,"comment_status":"closed","ping_status":"closed","template":"","meta":{"footnotes":""},"class_list":["post-4471","page","type-page","status-publish","hentry"],"yoast_head":"<!-- This site is optimized with the Yoast SEO plugin v27.5 - https:\/\/yoast.com\/product\/yoast-seo-wordpress\/ -->\n<title>Artikel und Ratgeber - nat\u00fcrliche Oster Eierfarben - Shop<\/title>\n<meta name=\"robots\" content=\"index, follow, max-snippet:-1, max-image-preview:large, max-video-preview:-1\" \/>\n<link rel=\"canonical\" href=\"https:\/\/www.eifarb.ch\/it\/artikel-und-ratgeber\/\" \/>\n<meta property=\"og:locale\" content=\"it_IT\" \/>\n<meta property=\"og:type\" content=\"article\" \/>\n<meta property=\"og:title\" content=\"Artikel und Ratgeber - nat\u00fcrliche Oster Eierfarben - Shop\" \/>\n<meta property=\"og:url\" content=\"https:\/\/www.eifarb.ch\/it\/artikel-und-ratgeber\/\" \/>\n<meta property=\"og:site_name\" content=\"nat\u00fcrliche Oster Eierfarben - Shop\" \/>\n<meta property=\"article:modified_time\" content=\"2026-03-17T14:17:52+00:00\" \/>\n<meta name=\"twitter:card\" content=\"summary_large_image\" \/>\n<meta name=\"twitter:label1\" content=\"Tempo di lettura stimato\" \/>\n\t<meta name=\"twitter:data1\" content=\"1 minuto\" \/>\n<script type=\"application\/ld+json\" class=\"yoast-schema-graph\">{\"@context\":\"https:\\\/\\\/schema.org\",\"@graph\":[{\"@type\":\"WebPage\",\"@id\":\"https:\\\/\\\/www.eifarb.ch\\\/artikel-und-ratgeber\\\/\",\"url\":\"https:\\\/\\\/www.eifarb.ch\\\/artikel-und-ratgeber\\\/\",\"name\":\"Artikel und Ratgeber - nat\u00fcrliche Oster Eierfarben - Shop\",\"isPartOf\":{\"@id\":\"https:\\\/\\\/www.eifarb.ch\\\/#website\"},\"datePublished\":\"2026-03-16T16:53:07+00:00\",\"dateModified\":\"2026-03-17T14:17:52+00:00\",\"breadcrumb\":{\"@id\":\"https:\\\/\\\/www.eifarb.ch\\\/artikel-und-ratgeber\\\/#breadcrumb\"},\"inLanguage\":\"it-IT\",\"potentialAction\":[{\"@type\":\"ReadAction\",\"target\":[\"https:\\\/\\\/www.eifarb.ch\\\/artikel-und-ratgeber\\\/\"]}]},{\"@type\":\"BreadcrumbList\",\"@id\":\"https:\\\/\\\/www.eifarb.ch\\\/artikel-und-ratgeber\\\/#breadcrumb\",\"itemListElement\":[{\"@type\":\"ListItem\",\"position\":1,\"name\":\"Startseite\",\"item\":\"https:\\\/\\\/www.eifarb.ch\\\/natuerliche-ostereier-farben\\\/\"},{\"@type\":\"ListItem\",\"position\":2,\"name\":\"Artikel und Ratgeber\"}]},{\"@type\":\"WebSite\",\"@id\":\"https:\\\/\\\/www.eifarb.ch\\\/#website\",\"url\":\"https:\\\/\\\/www.eifarb.ch\\\/\",\"name\":\"nat\u00fcrliche Oster Eierfarben - Shop\",\"description\":\"Ostereier f\u00e4rben mit Farben aus der Natur\",\"potentialAction\":[{\"@type\":\"SearchAction\",\"target\":{\"@type\":\"EntryPoint\",\"urlTemplate\":\"https:\\\/\\\/www.eifarb.ch\\\/?s={search_term_string}\"},\"query-input\":{\"@type\":\"PropertyValueSpecification\",\"valueRequired\":true,\"valueName\":\"search_term_string\"}}],\"inLanguage\":\"it-IT\"}]}<\/script>\n<!-- \/ Yoast SEO plugin. -->","yoast_head_json":{"title":"Artikel und Ratgeber - nat\u00fcrliche Oster Eierfarben - Shop","robots":{"index":"index","follow":"follow","max-snippet":"max-snippet:-1","max-image-preview":"max-image-preview:large","max-video-preview":"max-video-preview:-1"},"canonical":"https:\/\/www.eifarb.ch\/it\/artikel-und-ratgeber\/","og_locale":"it_IT","og_type":"article","og_title":"Artikel und Ratgeber - nat\u00fcrliche Oster Eierfarben - Shop","og_url":"https:\/\/www.eifarb.ch\/it\/artikel-und-ratgeber\/","og_site_name":"nat\u00fcrliche Oster Eierfarben - Shop","article_modified_time":"2026-03-17T14:17:52+00:00","twitter_card":"summary_large_image","twitter_misc":{"Tempo di lettura stimato":"1 minuto"},"schema":{"@context":"https:\/\/schema.org","@graph":[{"@type":"WebPage","@id":"https:\/\/www.eifarb.ch\/artikel-und-ratgeber\/","url":"https:\/\/www.eifarb.ch\/artikel-und-ratgeber\/","name":"Artikel und Ratgeber - nat\u00fcrliche Oster Eierfarben - Shop","isPartOf":{"@id":"https:\/\/www.eifarb.ch\/#website"},"datePublished":"2026-03-16T16:53:07+00:00","dateModified":"2026-03-17T14:17:52+00:00","breadcrumb":{"@id":"https:\/\/www.eifarb.ch\/artikel-und-ratgeber\/#breadcrumb"},"inLanguage":"it-IT","potentialAction":[{"@type":"ReadAction","target":["https:\/\/www.eifarb.ch\/artikel-und-ratgeber\/"]}]},{"@type":"BreadcrumbList","@id":"https:\/\/www.eifarb.ch\/artikel-und-ratgeber\/#breadcrumb","itemListElement":[{"@type":"ListItem","position":1,"name":"Startseite","item":"https:\/\/www.eifarb.ch\/natuerliche-ostereier-farben\/"},{"@type":"ListItem","position":2,"name":"Artikel und Ratgeber"}]},{"@type":"WebSite","@id":"https:\/\/www.eifarb.ch\/#website","url":"https:\/\/www.eifarb.ch\/","name":"Colori naturali per uova di Pasqua - Negozio","description":"Tingere le uova di Pasqua con i colori della natura","potentialAction":[{"@type":"SearchAction","target":{"@type":"EntryPoint","urlTemplate":"https:\/\/www.eifarb.ch\/?s={search_term_string}"},"query-input":{"@type":"PropertyValueSpecification","valueRequired":true,"valueName":"search_term_string"}}],"inLanguage":"it-IT"}]}},"_links":{"self":[{"href":"https:\/\/www.eifarb.ch\/it\/wp-json\/wp\/v2\/pages\/4471","targetHints":{"allow":["GET"]}}],"collection":[{"href":"https:\/\/www.eifarb.ch\/it\/wp-json\/wp\/v2\/pages"}],"about":[{"href":"https:\/\/www.eifarb.ch\/it\/wp-json\/wp\/v2\/types\/page"}],"author":[{"embeddable":true,"href":"https:\/\/www.eifarb.ch\/it\/wp-json\/wp\/v2\/users\/1"}],"replies":[{"embeddable":true,"href":"https:\/\/www.eifarb.ch\/it\/wp-json\/wp\/v2\/comments?post=4471"}],"version-history":[{"count":6,"href":"https:\/\/www.eifarb.ch\/it\/wp-json\/wp\/v2\/pages\/4471\/revisions"}],"predecessor-version":[{"id":4488,"href":"https:\/\/www.eifarb.ch\/it\/wp-json\/wp\/v2\/pages\/4471\/revisions\/4488"}],"wp:attachment":[{"href":"https:\/\/www.eifarb.ch\/it\/wp-json\/wp\/v2\/media?parent=4471"}],"curies":[{"name":"wp","href":"https:\/\/api.w.org\/{rel}","templated":true}]}}