{"id":804,"date":"2016-02-17T08:48:09","date_gmt":"2016-02-17T07:48:09","guid":{"rendered":"https:\/\/eifarb.ch\/webseite\/?page_id=804"},"modified":"2023-08-31T21:49:01","modified_gmt":"2023-08-31T19:49:01","slug":"impressum","status":"publish","type":"page","link":"https:\/\/www.eifarb.ch\/it\/impressum\/","title":{"rendered":"Impronta"},"content":{"rendered":"<h1>Impronta<\/h1>\n<h2>Indirizzo di contatto<\/h2>\n<p>Spruchreif GmbH<br \/>\nR\u00fcsseckstrasse 3<br \/>\nCH-4800 Zofingen<br \/>kontakt@spruchreif.ch<\/p>\n<h2>Disclaimer<\/h2>\n<p>L'autore non si assume alcuna responsabilit\u00e0 per quanto riguarda la correttezza, la precisione, l'attualit\u00e0, l'affidabilit\u00e0 e la completezza delle informazioni.<\/p>\n<p>I reclami di responsabilit\u00e0 per danni causati dall'uso di qualsiasi informazione fornita, incluso qualsiasi tipo di informazione incompleta o errata, saranno quindi respinti.<\/p>\n<p>Tutte le offerte non sono vincolanti. L'autore si riserva espressamente il diritto di cambiare, completare o cancellare parti delle pagine o l'intera offerta senza annuncio separato o di cessare la pubblicazione temporaneamente o permanentemente.<\/p>\n<h2>Responsabilit\u00e0 per i link<\/h2>\n<p>I riferimenti e i link a siti web di terzi sono al di fuori della nostra area di responsabilit\u00e0 e decliniamo ogni responsabilit\u00e0 per tali siti. L'accesso e l'uso di tali siti web \u00e8 a rischio e pericolo dell'utente.<\/p>\n<h2>Copyright<\/h2>\n<p>Il copyright e tutti gli altri diritti su contenuti, immagini, foto o altri file sul sito web appartengono esclusivamente a <strong>della societ\u00e0 Spruchreif GmbH<\/strong> o i detentori del copyright specificamente nominati. Il consenso scritto dei detentori del copyright deve essere ottenuto in anticipo per la riproduzione di qualsiasi elemento.<\/p>\n<h2>Protezione dei dati<\/h2>\n<p>Il nostro <a href=\"https:\/\/www.eifarb.ch\/it\/datenschutz\/\">Informativa sulla privacy<\/a> troverete qui.<\/p>","protected":false},"excerpt":{"rendered":"<p>Impressum Kontaktadresse Spruchreif GmbH R\u00fcsseckstrasse 3 CH-4800 Zofingen &#107;o&#x6e;t&#x61;k&#x74;&#64;&#x73;p&#x72;u&#x63;&#104;&#x72;&#101;&#x69;&#102;&#x2e;&#99;&#x68; Haftungsausschluss Der Autor \u00fcbernimmt keinerlei Gew\u00e4hr hinsichtlich der inhaltlichen Richtigkeit, Genauigkeit, Aktualit\u00e4t, Zuverl\u00e4ssigkeit und Vollst\u00e4ndigkeit der Informationen. Haftungsanspr\u00fcche gegen den Autor wegen Sch\u00e4den materieller oder immaterieller Art, welche aus dem Zugriff oder der Nutzung bzw. Nichtnutzung der ver\u00f6ffentlichten Informationen, durch Missbrauch der Verbindung oder durch technische [&hellip;]<\/p>\n","protected":false},"author":1,"featured_media":0,"parent":0,"menu_order":0,"comment_status":"closed","ping_status":"closed","template":"","meta":{"footnotes":""},"class_list":["post-804","page","type-page","status-publish","hentry"],"yoast_head":"<!-- This site is optimized with the Yoast SEO plugin v27.5 - https:\/\/yoast.com\/product\/yoast-seo-wordpress\/ -->\n<title>Impresseum - nat\u00fcrliche Eierfarben<\/title>\n<meta name=\"description\" content=\"F\u00fcr die Sicherheit der Daten\u00fcbertragung im Internet k\u00f6nnen wir keine Gew\u00e4hr \u00fcbernehmen. Der Autor \u00fcbernimmt keinerlei Gew\u00e4hr hinsichtlich der Richtigkeit.\" \/>\n<meta name=\"robots\" content=\"index, follow, max-snippet:-1, max-image-preview:large, max-video-preview:-1\" \/>\n<link rel=\"canonical\" href=\"https:\/\/www.eifarb.ch\/it\/impressum\/\" \/>\n<meta property=\"og:locale\" content=\"it_IT\" \/>\n<meta property=\"og:type\" content=\"article\" \/>\n<meta property=\"og:title\" content=\"Impresseum - nat\u00fcrliche Eierfarben\" \/>\n<meta property=\"og:description\" content=\"F\u00fcr die Sicherheit der Daten\u00fcbertragung im Internet k\u00f6nnen wir keine Gew\u00e4hr \u00fcbernehmen. Der Autor \u00fcbernimmt keinerlei Gew\u00e4hr hinsichtlich der Richtigkeit.\" \/>\n<meta property=\"og:url\" content=\"https:\/\/www.eifarb.ch\/it\/impressum\/\" \/>\n<meta property=\"og:site_name\" content=\"nat\u00fcrliche Oster Eierfarben - Shop\" \/>\n<meta property=\"article:modified_time\" content=\"2023-08-31T19:49:01+00:00\" \/>\n<meta name=\"twitter:card\" content=\"summary_large_image\" \/>\n<meta name=\"twitter:label1\" content=\"Tempo di lettura stimato\" \/>\n\t<meta name=\"twitter:data1\" content=\"1 minuto\" \/>\n<script type=\"application\/ld+json\" class=\"yoast-schema-graph\">{\"@context\":\"https:\\\/\\\/schema.org\",\"@graph\":[{\"@type\":\"WebPage\",\"@id\":\"https:\\\/\\\/www.eifarb.ch\\\/impressum\\\/\",\"url\":\"https:\\\/\\\/www.eifarb.ch\\\/impressum\\\/\",\"name\":\"Impresseum - nat\u00fcrliche Eierfarben\",\"isPartOf\":{\"@id\":\"https:\\\/\\\/www.eifarb.ch\\\/#website\"},\"datePublished\":\"2016-02-17T07:48:09+00:00\",\"dateModified\":\"2023-08-31T19:49:01+00:00\",\"description\":\"F\u00fcr die Sicherheit der Daten\u00fcbertragung im Internet k\u00f6nnen wir keine Gew\u00e4hr \u00fcbernehmen. Der Autor \u00fcbernimmt keinerlei Gew\u00e4hr hinsichtlich der Richtigkeit.\",\"breadcrumb\":{\"@id\":\"https:\\\/\\\/www.eifarb.ch\\\/impressum\\\/#breadcrumb\"},\"inLanguage\":\"it-IT\",\"potentialAction\":[{\"@type\":\"ReadAction\",\"target\":[\"https:\\\/\\\/www.eifarb.ch\\\/impressum\\\/\"]}]},{\"@type\":\"BreadcrumbList\",\"@id\":\"https:\\\/\\\/www.eifarb.ch\\\/impressum\\\/#breadcrumb\",\"itemListElement\":[{\"@type\":\"ListItem\",\"position\":1,\"name\":\"Startseite\",\"item\":\"https:\\\/\\\/www.eifarb.ch\\\/natuerliche-ostereier-farben\\\/\"},{\"@type\":\"ListItem\",\"position\":2,\"name\":\"Impressum\"}]},{\"@type\":\"WebSite\",\"@id\":\"https:\\\/\\\/www.eifarb.ch\\\/#website\",\"url\":\"https:\\\/\\\/www.eifarb.ch\\\/\",\"name\":\"nat\u00fcrliche Oster Eierfarben - Shop\",\"description\":\"Ostereier f\u00e4rben mit Farben aus der Natur\",\"potentialAction\":[{\"@type\":\"SearchAction\",\"target\":{\"@type\":\"EntryPoint\",\"urlTemplate\":\"https:\\\/\\\/www.eifarb.ch\\\/?s={search_term_string}\"},\"query-input\":{\"@type\":\"PropertyValueSpecification\",\"valueRequired\":true,\"valueName\":\"search_term_string\"}}],\"inLanguage\":\"it-IT\"}]}<\/script>\n<!-- \/ Yoast SEO plugin. -->","yoast_head_json":{"title":"Impresseum - colori naturali delle uova","description":"Non possiamo garantire la sicurezza della trasmissione dei dati su Internet. L'autore non si assume alcuna responsabilit\u00e0 per quanto riguarda la correttezza.","robots":{"index":"index","follow":"follow","max-snippet":"max-snippet:-1","max-image-preview":"max-image-preview:large","max-video-preview":"max-video-preview:-1"},"canonical":"https:\/\/www.eifarb.ch\/it\/impressum\/","og_locale":"it_IT","og_type":"article","og_title":"Impresseum - nat\u00fcrliche Eierfarben","og_description":"F\u00fcr die Sicherheit der Daten\u00fcbertragung im Internet k\u00f6nnen wir keine Gew\u00e4hr \u00fcbernehmen. Der Autor \u00fcbernimmt keinerlei Gew\u00e4hr hinsichtlich der Richtigkeit.","og_url":"https:\/\/www.eifarb.ch\/it\/impressum\/","og_site_name":"nat\u00fcrliche Oster Eierfarben - Shop","article_modified_time":"2023-08-31T19:49:01+00:00","twitter_card":"summary_large_image","twitter_misc":{"Tempo di lettura stimato":"1 minuto"},"schema":{"@context":"https:\/\/schema.org","@graph":[{"@type":"WebPage","@id":"https:\/\/www.eifarb.ch\/impressum\/","url":"https:\/\/www.eifarb.ch\/impressum\/","name":"Impresseum - colori naturali delle uova","isPartOf":{"@id":"https:\/\/www.eifarb.ch\/#website"},"datePublished":"2016-02-17T07:48:09+00:00","dateModified":"2023-08-31T19:49:01+00:00","description":"Non possiamo garantire la sicurezza della trasmissione dei dati su Internet. L'autore non si assume alcuna responsabilit\u00e0 per quanto riguarda la correttezza.","breadcrumb":{"@id":"https:\/\/www.eifarb.ch\/impressum\/#breadcrumb"},"inLanguage":"it-IT","potentialAction":[{"@type":"ReadAction","target":["https:\/\/www.eifarb.ch\/impressum\/"]}]},{"@type":"BreadcrumbList","@id":"https:\/\/www.eifarb.ch\/impressum\/#breadcrumb","itemListElement":[{"@type":"ListItem","position":1,"name":"Startseite","item":"https:\/\/www.eifarb.ch\/natuerliche-ostereier-farben\/"},{"@type":"ListItem","position":2,"name":"Impressum"}]},{"@type":"WebSite","@id":"https:\/\/www.eifarb.ch\/#website","url":"https:\/\/www.eifarb.ch\/","name":"Colori naturali per uova di Pasqua - Negozio","description":"Tingere le uova di Pasqua con i colori della natura","potentialAction":[{"@type":"SearchAction","target":{"@type":"EntryPoint","urlTemplate":"https:\/\/www.eifarb.ch\/?s={search_term_string}"},"query-input":{"@type":"PropertyValueSpecification","valueRequired":true,"valueName":"search_term_string"}}],"inLanguage":"it-IT"}]}},"_links":{"self":[{"href":"https:\/\/www.eifarb.ch\/it\/wp-json\/wp\/v2\/pages\/804","targetHints":{"allow":["GET"]}}],"collection":[{"href":"https:\/\/www.eifarb.ch\/it\/wp-json\/wp\/v2\/pages"}],"about":[{"href":"https:\/\/www.eifarb.ch\/it\/wp-json\/wp\/v2\/types\/page"}],"author":[{"embeddable":true,"href":"https:\/\/www.eifarb.ch\/it\/wp-json\/wp\/v2\/users\/1"}],"replies":[{"embeddable":true,"href":"https:\/\/www.eifarb.ch\/it\/wp-json\/wp\/v2\/comments?post=804"}],"version-history":[{"count":2,"href":"https:\/\/www.eifarb.ch\/it\/wp-json\/wp\/v2\/pages\/804\/revisions"}],"predecessor-version":[{"id":4031,"href":"https:\/\/www.eifarb.ch\/it\/wp-json\/wp\/v2\/pages\/804\/revisions\/4031"}],"wp:attachment":[{"href":"https:\/\/www.eifarb.ch\/it\/wp-json\/wp\/v2\/media?parent=804"}],"curies":[{"name":"wp","href":"https:\/\/api.w.org\/{rel}","templated":true}]}}