{"id":1293,"date":"2020-02-27T00:42:11","date_gmt":"2020-02-26T23:42:11","guid":{"rendered":"https:\/\/eifarb.ch\/webseite\/?post_type=product&#038;p=1293"},"modified":"2026-04-19T08:33:09","modified_gmt":"2026-04-19T06:33:09","slug":"eierfarbe-violette","status":"publish","type":"product","link":"https:\/\/www.eifarb.ch\/it\/prodotto\/eierfarbe-violette\/","title":{"rendered":"Colore dell'uovo rosa"},"content":{"rendered":"<p><strong>Colore naturale dell'uovo<\/strong><\/p>\n<p><strong>Colore:<\/strong> rosa<br \/>\n<strong>Contenuto:<\/strong> Cocciniglia<br \/>\n<strong>Peso:<\/strong> ca. 10g<\/p>\n<p><strong>Applicazione:<\/strong><br \/>\nAggiungere circa 5 grammi di miscela a 1 litro e mezzo di acqua fredda, portare a ebollizione lentamente e lasciare raffreddare di nuovo leggermente. Versare le uova crude e farle bollire a piacere.<\/p>\n<p>Erfahre mehr \u00fcber die Geschichte und Herkunft von Cochenille auf unserer <a href=\"https:\/\/www.eifarb.ch\/it\/eierfarben\/\">Eierfarben-\u00dcbersicht<\/a>. Die Anleitung zum F\u00e4rben findest du <a href=\"\/it\/ostereier-faerben\/\">hier<\/a>.<\/p>\n<p><strong>A partire da 70 CHF consegniamo senza spese di spedizione.<\/strong><\/p>\n<div  class='avia-button-wrap av-ad696-0e6675a5185fade4671bd299ade3e465-wrap avia-button-left  avia-builder-el-0  avia-builder-el-no-sibling'><a href='https:\/\/www.eifarb.ch\/it\/shop\/'  class='avia-button av-ad696-0e6675a5185fade4671bd299ade3e465 av-link-btn avia-icon_select-no avia-size-medium avia-position-left avia-color-theme-color'   aria-label=\"a tutti i colori delle uova\"><span class='avia_iconbox_title' >a tutti i colori delle uova<\/span><\/a><\/div>","protected":false},"excerpt":{"rendered":"<div class=\"woocommerce-product-details__short-description\">\n<p><strong><span class=\"success-msg inline-block mb-1 mr-4\">Pronto per la spedizione immediata<br \/>\n<\/span><\/strong><\/p>\n<\/div>","protected":false},"featured_media":1278,"template":"","meta":[],"product_brand":[],"product_cat":[26],"product_tag":[27,28,29,30,31],"class_list":{"0":"post-1293","1":"product","2":"type-product","3":"status-publish","4":"has-post-thumbnail","6":"product_cat-eierfarben","7":"product_tag-eierfarbe","8":"product_tag-ostereierfarbe","9":"product_tag-rot","10":"product_tag-rote-ostereier","11":"product_tag-rote-ostereierfarbe","13":"first","14":"instock","15":"shipping-taxable","16":"purchasable","17":"product-type-simple"},"yoast_head":"<!-- This site is optimized with the Yoast SEO plugin v27.5 - https:\/\/yoast.com\/product\/yoast-seo-wordpress\/ -->\n<title>nat\u00fcrliche Eierfarbe violett<\/title>\n<meta name=\"description\" content=\"Nat\u00fcrliche Eierfarbe violett. F\u00e4rben Sie mit Farben aus der Natur und bringen Sie nat\u00fcrliche Farben in Ihr Osternest.\" \/>\n<meta name=\"robots\" content=\"index, follow, max-snippet:-1, max-image-preview:large, max-video-preview:-1\" \/>\n<link rel=\"canonical\" href=\"https:\/\/www.eifarb.ch\/it\/prodotto\/eierfarbe-violette\/\" \/>\n<meta property=\"og:locale\" content=\"it_IT\" \/>\n<meta property=\"og:type\" content=\"article\" \/>\n<meta property=\"og:title\" content=\"nat\u00fcrliche Eierfarbe violett\" \/>\n<meta property=\"og:description\" content=\"Nat\u00fcrliche Eierfarbe violett. F\u00e4rben Sie mit Farben aus der Natur und bringen Sie nat\u00fcrliche Farben in Ihr Osternest.\" \/>\n<meta property=\"og:url\" content=\"https:\/\/www.eifarb.ch\/it\/prodotto\/eierfarbe-violette\/\" \/>\n<meta property=\"og:site_name\" content=\"nat\u00fcrliche Oster Eierfarben - Shop\" \/>\n<meta property=\"article:modified_time\" content=\"2026-04-19T06:33:09+00:00\" \/>\n<meta property=\"og:image\" content=\"https:\/\/www.eifarb.ch\/webseite\/wp-content\/uploads\/2020\/02\/coccionella-violett-eier-farbe-ostern.jpg\" \/>\n\t<meta property=\"og:image:width\" content=\"2500\" \/>\n\t<meta property=\"og:image:height\" content=\"2500\" \/>\n\t<meta property=\"og:image:type\" content=\"image\/jpeg\" \/>\n<meta name=\"twitter:card\" content=\"summary_large_image\" \/>\n<meta name=\"twitter:label1\" content=\"Tempo di lettura stimato\" \/>\n\t<meta name=\"twitter:data1\" content=\"1 minuto\" \/>\n<script type=\"application\/ld+json\" class=\"yoast-schema-graph\">{\"@context\":\"https:\\\/\\\/schema.org\",\"@graph\":[{\"@type\":\"WebPage\",\"@id\":\"https:\\\/\\\/www.eifarb.ch\\\/produkt\\\/eierfarbe-violette\\\/\",\"url\":\"https:\\\/\\\/www.eifarb.ch\\\/produkt\\\/eierfarbe-violette\\\/\",\"name\":\"nat\u00fcrliche Eierfarbe violett\",\"isPartOf\":{\"@id\":\"https:\\\/\\\/www.eifarb.ch\\\/#website\"},\"primaryImageOfPage\":{\"@id\":\"https:\\\/\\\/www.eifarb.ch\\\/produkt\\\/eierfarbe-violette\\\/#primaryimage\"},\"image\":{\"@id\":\"https:\\\/\\\/www.eifarb.ch\\\/produkt\\\/eierfarbe-violette\\\/#primaryimage\"},\"thumbnailUrl\":\"https:\\\/\\\/www.eifarb.ch\\\/webseite\\\/wp-content\\\/uploads\\\/2020\\\/02\\\/coccionella-violett-eier-farbe-ostern.jpg\",\"datePublished\":\"2020-02-26T23:42:11+00:00\",\"dateModified\":\"2026-04-19T06:33:09+00:00\",\"description\":\"Nat\u00fcrliche Eierfarbe violett. F\u00e4rben Sie mit Farben aus der Natur und bringen Sie nat\u00fcrliche Farben in Ihr Osternest.\",\"breadcrumb\":{\"@id\":\"https:\\\/\\\/www.eifarb.ch\\\/produkt\\\/eierfarbe-violette\\\/#breadcrumb\"},\"inLanguage\":\"it-IT\",\"potentialAction\":[{\"@type\":\"ReadAction\",\"target\":[\"https:\\\/\\\/www.eifarb.ch\\\/produkt\\\/eierfarbe-violette\\\/\"]}]},{\"@type\":\"ImageObject\",\"inLanguage\":\"it-IT\",\"@id\":\"https:\\\/\\\/www.eifarb.ch\\\/produkt\\\/eierfarbe-violette\\\/#primaryimage\",\"url\":\"https:\\\/\\\/www.eifarb.ch\\\/webseite\\\/wp-content\\\/uploads\\\/2020\\\/02\\\/coccionella-violett-eier-farbe-ostern.jpg\",\"contentUrl\":\"https:\\\/\\\/www.eifarb.ch\\\/webseite\\\/wp-content\\\/uploads\\\/2020\\\/02\\\/coccionella-violett-eier-farbe-ostern.jpg\",\"width\":2500,\"height\":2500,\"caption\":\"Nat\u00fcrliche Eierfarbe pink \u2013 aus Cochenille\"},{\"@type\":\"BreadcrumbList\",\"@id\":\"https:\\\/\\\/www.eifarb.ch\\\/produkt\\\/eierfarbe-violette\\\/#breadcrumb\",\"itemListElement\":[{\"@type\":\"ListItem\",\"position\":1,\"name\":\"Startseite\",\"item\":\"https:\\\/\\\/www.eifarb.ch\\\/natuerliche-ostereier-farben\\\/\"},{\"@type\":\"ListItem\",\"position\":2,\"name\":\"Shop\",\"item\":\"https:\\\/\\\/www.eifarb.ch\\\/shop\\\/\"},{\"@type\":\"ListItem\",\"position\":3,\"name\":\"Eierfarbe pink\"}]},{\"@type\":\"WebSite\",\"@id\":\"https:\\\/\\\/www.eifarb.ch\\\/#website\",\"url\":\"https:\\\/\\\/www.eifarb.ch\\\/\",\"name\":\"nat\u00fcrliche Oster Eierfarben - Shop\",\"description\":\"Ostereier f\u00e4rben mit Farben aus der Natur\",\"potentialAction\":[{\"@type\":\"SearchAction\",\"target\":{\"@type\":\"EntryPoint\",\"urlTemplate\":\"https:\\\/\\\/www.eifarb.ch\\\/?s={search_term_string}\"},\"query-input\":{\"@type\":\"PropertyValueSpecification\",\"valueRequired\":true,\"valueName\":\"search_term_string\"}}],\"inLanguage\":\"it-IT\"}]}<\/script>\n<!-- \/ Yoast SEO plugin. -->","yoast_head_json":{"title":"colore naturale dell'uovo viola","description":"Colore naturale dell'uovo viola. Tingi con i colori della natura e porta i colori naturali nel tuo nido di Pasqua.","robots":{"index":"index","follow":"follow","max-snippet":"max-snippet:-1","max-image-preview":"max-image-preview:large","max-video-preview":"max-video-preview:-1"},"canonical":"https:\/\/www.eifarb.ch\/it\/prodotto\/eierfarbe-violette\/","og_locale":"it_IT","og_type":"article","og_title":"nat\u00fcrliche Eierfarbe violett","og_description":"Nat\u00fcrliche Eierfarbe violett. F\u00e4rben Sie mit Farben aus der Natur und bringen Sie nat\u00fcrliche Farben in Ihr Osternest.","og_url":"https:\/\/www.eifarb.ch\/it\/prodotto\/eierfarbe-violette\/","og_site_name":"nat\u00fcrliche Oster Eierfarben - Shop","article_modified_time":"2026-04-19T06:33:09+00:00","og_image":[{"width":2500,"height":2500,"url":"https:\/\/www.eifarb.ch\/webseite\/wp-content\/uploads\/2020\/02\/coccionella-violett-eier-farbe-ostern.jpg","type":"image\/jpeg"}],"twitter_card":"summary_large_image","twitter_misc":{"Tempo di lettura stimato":"1 minuto"},"schema":{"@context":"https:\/\/schema.org","@graph":[{"@type":"WebPage","@id":"https:\/\/www.eifarb.ch\/produkt\/eierfarbe-violette\/","url":"https:\/\/www.eifarb.ch\/produkt\/eierfarbe-violette\/","name":"colore naturale dell'uovo viola","isPartOf":{"@id":"https:\/\/www.eifarb.ch\/#website"},"primaryImageOfPage":{"@id":"https:\/\/www.eifarb.ch\/produkt\/eierfarbe-violette\/#primaryimage"},"image":{"@id":"https:\/\/www.eifarb.ch\/produkt\/eierfarbe-violette\/#primaryimage"},"thumbnailUrl":"https:\/\/www.eifarb.ch\/webseite\/wp-content\/uploads\/2020\/02\/coccionella-violett-eier-farbe-ostern.jpg","datePublished":"2020-02-26T23:42:11+00:00","dateModified":"2026-04-19T06:33:09+00:00","description":"Colore naturale dell'uovo viola. Tingi con i colori della natura e porta i colori naturali nel tuo nido di Pasqua.","breadcrumb":{"@id":"https:\/\/www.eifarb.ch\/produkt\/eierfarbe-violette\/#breadcrumb"},"inLanguage":"it-IT","potentialAction":[{"@type":"ReadAction","target":["https:\/\/www.eifarb.ch\/produkt\/eierfarbe-violette\/"]}]},{"@type":"ImageObject","inLanguage":"it-IT","@id":"https:\/\/www.eifarb.ch\/produkt\/eierfarbe-violette\/#primaryimage","url":"https:\/\/www.eifarb.ch\/webseite\/wp-content\/uploads\/2020\/02\/coccionella-violett-eier-farbe-ostern.jpg","contentUrl":"https:\/\/www.eifarb.ch\/webseite\/wp-content\/uploads\/2020\/02\/coccionella-violett-eier-farbe-ostern.jpg","width":2500,"height":2500,"caption":"Nat\u00fcrliche Eierfarbe pink \u2013 aus Cochenille"},{"@type":"BreadcrumbList","@id":"https:\/\/www.eifarb.ch\/produkt\/eierfarbe-violette\/#breadcrumb","itemListElement":[{"@type":"ListItem","position":1,"name":"Startseite","item":"https:\/\/www.eifarb.ch\/natuerliche-ostereier-farben\/"},{"@type":"ListItem","position":2,"name":"Shop","item":"https:\/\/www.eifarb.ch\/shop\/"},{"@type":"ListItem","position":3,"name":"Eierfarbe pink"}]},{"@type":"WebSite","@id":"https:\/\/www.eifarb.ch\/#website","url":"https:\/\/www.eifarb.ch\/","name":"Colori naturali per uova di Pasqua - Negozio","description":"Tingere le uova di Pasqua con i colori della natura","potentialAction":[{"@type":"SearchAction","target":{"@type":"EntryPoint","urlTemplate":"https:\/\/www.eifarb.ch\/?s={search_term_string}"},"query-input":{"@type":"PropertyValueSpecification","valueRequired":true,"valueName":"search_term_string"}}],"inLanguage":"it-IT"}]}},"_links":{"self":[{"href":"https:\/\/www.eifarb.ch\/it\/wp-json\/wp\/v2\/product\/1293","targetHints":{"allow":["GET"]}}],"collection":[{"href":"https:\/\/www.eifarb.ch\/it\/wp-json\/wp\/v2\/product"}],"about":[{"href":"https:\/\/www.eifarb.ch\/it\/wp-json\/wp\/v2\/types\/product"}],"wp:featuredmedia":[{"embeddable":true,"href":"https:\/\/www.eifarb.ch\/it\/wp-json\/wp\/v2\/media\/1278"}],"wp:attachment":[{"href":"https:\/\/www.eifarb.ch\/it\/wp-json\/wp\/v2\/media?parent=1293"}],"wp:term":[{"taxonomy":"product_brand","embeddable":true,"href":"https:\/\/www.eifarb.ch\/it\/wp-json\/wp\/v2\/product_brand?post=1293"},{"taxonomy":"product_cat","embeddable":true,"href":"https:\/\/www.eifarb.ch\/it\/wp-json\/wp\/v2\/product_cat?post=1293"},{"taxonomy":"product_tag","embeddable":true,"href":"https:\/\/www.eifarb.ch\/it\/wp-json\/wp\/v2\/product_tag?post=1293"}],"curies":[{"name":"wp","href":"https:\/\/api.w.org\/{rel}","templated":true}]}}