{"id":3960,"date":"2023-04-01T13:44:04","date_gmt":"2023-04-01T11:44:04","guid":{"rendered":"https:\/\/www.eifarb.ch\/?post_type=product&#038;p=3960"},"modified":"2026-04-18T09:17:58","modified_gmt":"2026-04-18T07:17:58","slug":"ostereierfarben-7er-set","status":"publish","type":"product","link":"https:\/\/www.eifarb.ch\/it\/prodotto\/ostereierfarben-7er-set\/","title":{"rendered":"Colori delle uova di Pasqua Set di 7"},"content":{"rendered":"<p><strong>Colore naturale dell'uovo<\/strong><\/p>\n<p><strong>7 colori: <\/strong>marrone, viola, giallo ocra, grigio verde, verde oliva, rosso e rosa.<\/p>\n<p><strong>Applicazione:<\/strong><br \/>\nAggiungere ogni colore individualmente all'acqua fredda (si prega di fare riferimento alla confezione per le quantit\u00e0 appropriate), portare a ebollizione lentamente e lasciare raffreddare di nuovo leggermente. Versare le uova crude e farle bollire a piacere.<\/p>\n<p>Erfahre mehr \u00fcber die Geschichte und Herkunft von den verschiedenen nat\u00fcrlichen Materialien auf unserer <a href=\"https:\/\/www.eifarb.ch\/it\/eierfarben\/\">Eierfarben-\u00dcbersicht<\/a>. Die Anleitung zum F\u00e4rben findest du <a href=\"\/it\/ostereier-faerben\/\">hier<\/a>.<\/p>\n<p><strong>A partire da 70 CHF consegniamo senza spese di spedizione.<\/strong><\/p>\n<div  class='avia-button-wrap av-ad696-0e6675a5185fade4671bd299ade3e465-wrap avia-button-left  avia-builder-el-0  avia-builder-el-no-sibling'><a href='https:\/\/www.eifarb.ch\/it\/shop\/'  class='avia-button av-ad696-0e6675a5185fade4671bd299ade3e465 av-link-btn avia-icon_select-no avia-size-medium avia-position-left avia-color-theme-color'   aria-label=\"a tutti i colori delle uova\"><span class='avia_iconbox_title' >a tutti i colori delle uova<\/span><\/a><\/div>","protected":false},"excerpt":{"rendered":"<p><strong><span class=\"success-msg inline-block mb-1 mr-4\">Pronto per la spedizione immediata<br \/>\n<\/span><\/strong><\/p>\n<p><span class=\"success-msg inline-block mb-1 mr-4\">\u00a0<\/span><\/p>","protected":false},"featured_media":3961,"template":"","meta":[],"product_brand":[],"product_cat":[26],"product_tag":[34,36,27,47,28,29,43],"class_list":{"0":"post-3960","1":"product","2":"type-product","3":"status-publish","4":"has-post-thumbnail","6":"product_cat-eierfarben","7":"product_tag-blau","8":"product_tag-braun","9":"product_tag-eierfarbe","10":"product_tag-gruen","11":"product_tag-ostereierfarbe","12":"product_tag-rot","13":"product_tag-violette","15":"first","16":"outofstock","17":"shipping-taxable","18":"purchasable","19":"product-type-simple"},"yoast_head":"<!-- This site is optimized with the Yoast SEO plugin v27.5 - https:\/\/yoast.com\/product\/yoast-seo-wordpress\/ -->\n<title>Ostereierfarben Set<\/title>\n<meta name=\"description\" content=\"Ostereierfarben Set zum nat\u00fcrlichen F\u00e4rben von Eiern. F\u00e4rben Sie Ihre Ostereier mit Farben aus der Natur. Profitieren Sie von unserem Angebot.\u00a0\" \/>\n<meta name=\"robots\" content=\"index, follow, max-snippet:-1, max-image-preview:large, max-video-preview:-1\" \/>\n<link rel=\"canonical\" href=\"https:\/\/www.eifarb.ch\/it\/prodotto\/ostereierfarben-7er-set\/\" \/>\n<meta property=\"og:locale\" content=\"it_IT\" \/>\n<meta property=\"og:type\" content=\"article\" \/>\n<meta property=\"og:title\" content=\"Ostereierfarben Set\" \/>\n<meta property=\"og:description\" content=\"Ostereierfarben Set zum nat\u00fcrlichen F\u00e4rben von Eiern. F\u00e4rben Sie Ihre Ostereier mit Farben aus der Natur. Profitieren Sie von unserem Angebot.\u00a0\" \/>\n<meta property=\"og:url\" content=\"https:\/\/www.eifarb.ch\/it\/prodotto\/ostereierfarben-7er-set\/\" \/>\n<meta property=\"og:site_name\" content=\"nat\u00fcrliche Oster Eierfarben - Shop\" \/>\n<meta property=\"article:modified_time\" content=\"2026-04-18T07:17:58+00:00\" \/>\n<meta property=\"og:image\" content=\"https:\/\/www.eifarb.ch\/webseite\/wp-content\/uploads\/2023\/04\/7er-set-eierfarben-1030x1030.jpg\" \/>\n\t<meta property=\"og:image:width\" content=\"1030\" \/>\n\t<meta property=\"og:image:height\" content=\"1030\" \/>\n\t<meta property=\"og:image:type\" content=\"image\/jpeg\" \/>\n<meta name=\"twitter:card\" content=\"summary_large_image\" \/>\n<script type=\"application\/ld+json\" class=\"yoast-schema-graph\">{\"@context\":\"https:\\\/\\\/schema.org\",\"@graph\":[{\"@type\":\"WebPage\",\"@id\":\"https:\\\/\\\/www.eifarb.ch\\\/produkt\\\/ostereierfarben-7er-set\\\/\",\"url\":\"https:\\\/\\\/www.eifarb.ch\\\/produkt\\\/ostereierfarben-7er-set\\\/\",\"name\":\"Ostereierfarben Set\",\"isPartOf\":{\"@id\":\"https:\\\/\\\/www.eifarb.ch\\\/#website\"},\"primaryImageOfPage\":{\"@id\":\"https:\\\/\\\/www.eifarb.ch\\\/produkt\\\/ostereierfarben-7er-set\\\/#primaryimage\"},\"image\":{\"@id\":\"https:\\\/\\\/www.eifarb.ch\\\/produkt\\\/ostereierfarben-7er-set\\\/#primaryimage\"},\"thumbnailUrl\":\"https:\\\/\\\/www.eifarb.ch\\\/webseite\\\/wp-content\\\/uploads\\\/2023\\\/04\\\/7er-set-eierfarben-scaled.jpg\",\"datePublished\":\"2023-04-01T11:44:04+00:00\",\"dateModified\":\"2026-04-18T07:17:58+00:00\",\"description\":\"Ostereierfarben Set zum nat\u00fcrlichen F\u00e4rben von Eiern. F\u00e4rben Sie Ihre Ostereier mit Farben aus der Natur. Profitieren Sie von unserem Angebot.\u00a0\",\"breadcrumb\":{\"@id\":\"https:\\\/\\\/www.eifarb.ch\\\/produkt\\\/ostereierfarben-7er-set\\\/#breadcrumb\"},\"inLanguage\":\"it-IT\",\"potentialAction\":[{\"@type\":\"ReadAction\",\"target\":[\"https:\\\/\\\/www.eifarb.ch\\\/produkt\\\/ostereierfarben-7er-set\\\/\"]}]},{\"@type\":\"ImageObject\",\"inLanguage\":\"it-IT\",\"@id\":\"https:\\\/\\\/www.eifarb.ch\\\/produkt\\\/ostereierfarben-7er-set\\\/#primaryimage\",\"url\":\"https:\\\/\\\/www.eifarb.ch\\\/webseite\\\/wp-content\\\/uploads\\\/2023\\\/04\\\/7er-set-eierfarben-scaled.jpg\",\"contentUrl\":\"https:\\\/\\\/www.eifarb.ch\\\/webseite\\\/wp-content\\\/uploads\\\/2023\\\/04\\\/7er-set-eierfarben-scaled.jpg\",\"width\":2560,\"height\":2560},{\"@type\":\"BreadcrumbList\",\"@id\":\"https:\\\/\\\/www.eifarb.ch\\\/produkt\\\/ostereierfarben-7er-set\\\/#breadcrumb\",\"itemListElement\":[{\"@type\":\"ListItem\",\"position\":1,\"name\":\"Startseite\",\"item\":\"https:\\\/\\\/www.eifarb.ch\\\/natuerliche-ostereier-farben\\\/\"},{\"@type\":\"ListItem\",\"position\":2,\"name\":\"Shop\",\"item\":\"https:\\\/\\\/www.eifarb.ch\\\/shop\\\/\"},{\"@type\":\"ListItem\",\"position\":3,\"name\":\"Ostereierfarben 7er-Set\"}]},{\"@type\":\"WebSite\",\"@id\":\"https:\\\/\\\/www.eifarb.ch\\\/#website\",\"url\":\"https:\\\/\\\/www.eifarb.ch\\\/\",\"name\":\"nat\u00fcrliche Oster Eierfarben - Shop\",\"description\":\"Ostereier f\u00e4rben mit Farben aus der Natur\",\"potentialAction\":[{\"@type\":\"SearchAction\",\"target\":{\"@type\":\"EntryPoint\",\"urlTemplate\":\"https:\\\/\\\/www.eifarb.ch\\\/?s={search_term_string}\"},\"query-input\":{\"@type\":\"PropertyValueSpecification\",\"valueRequired\":true,\"valueName\":\"search_term_string\"}}],\"inLanguage\":\"it-IT\"}]}<\/script>\n<!-- \/ Yoast SEO plugin. -->","yoast_head_json":{"title":"Set di colori per le uova di Pasqua","description":"Set di coloranti per uova di Pasqua per la tintura naturale delle uova. Tingi le tue uova di Pasqua con i colori della natura. Approfittate della nostra offerta.\u00a0","robots":{"index":"index","follow":"follow","max-snippet":"max-snippet:-1","max-image-preview":"max-image-preview:large","max-video-preview":"max-video-preview:-1"},"canonical":"https:\/\/www.eifarb.ch\/it\/prodotto\/ostereierfarben-7er-set\/","og_locale":"it_IT","og_type":"article","og_title":"Ostereierfarben Set","og_description":"Ostereierfarben Set zum nat\u00fcrlichen F\u00e4rben von Eiern. F\u00e4rben Sie Ihre Ostereier mit Farben aus der Natur. Profitieren Sie von unserem Angebot.\u00a0","og_url":"https:\/\/www.eifarb.ch\/it\/prodotto\/ostereierfarben-7er-set\/","og_site_name":"nat\u00fcrliche Oster Eierfarben - Shop","article_modified_time":"2026-04-18T07:17:58+00:00","og_image":[{"width":1030,"height":1030,"url":"https:\/\/www.eifarb.ch\/webseite\/wp-content\/uploads\/2023\/04\/7er-set-eierfarben-1030x1030.jpg","type":"image\/jpeg"}],"twitter_card":"summary_large_image","schema":{"@context":"https:\/\/schema.org","@graph":[{"@type":"WebPage","@id":"https:\/\/www.eifarb.ch\/produkt\/ostereierfarben-7er-set\/","url":"https:\/\/www.eifarb.ch\/produkt\/ostereierfarben-7er-set\/","name":"Set di colori per le uova di Pasqua","isPartOf":{"@id":"https:\/\/www.eifarb.ch\/#website"},"primaryImageOfPage":{"@id":"https:\/\/www.eifarb.ch\/produkt\/ostereierfarben-7er-set\/#primaryimage"},"image":{"@id":"https:\/\/www.eifarb.ch\/produkt\/ostereierfarben-7er-set\/#primaryimage"},"thumbnailUrl":"https:\/\/www.eifarb.ch\/webseite\/wp-content\/uploads\/2023\/04\/7er-set-eierfarben-scaled.jpg","datePublished":"2023-04-01T11:44:04+00:00","dateModified":"2026-04-18T07:17:58+00:00","description":"Set di coloranti per uova di Pasqua per la tintura naturale delle uova. Tingi le tue uova di Pasqua con i colori della natura. Approfittate della nostra offerta.\u00a0","breadcrumb":{"@id":"https:\/\/www.eifarb.ch\/produkt\/ostereierfarben-7er-set\/#breadcrumb"},"inLanguage":"it-IT","potentialAction":[{"@type":"ReadAction","target":["https:\/\/www.eifarb.ch\/produkt\/ostereierfarben-7er-set\/"]}]},{"@type":"ImageObject","inLanguage":"it-IT","@id":"https:\/\/www.eifarb.ch\/produkt\/ostereierfarben-7er-set\/#primaryimage","url":"https:\/\/www.eifarb.ch\/webseite\/wp-content\/uploads\/2023\/04\/7er-set-eierfarben-scaled.jpg","contentUrl":"https:\/\/www.eifarb.ch\/webseite\/wp-content\/uploads\/2023\/04\/7er-set-eierfarben-scaled.jpg","width":2560,"height":2560},{"@type":"BreadcrumbList","@id":"https:\/\/www.eifarb.ch\/produkt\/ostereierfarben-7er-set\/#breadcrumb","itemListElement":[{"@type":"ListItem","position":1,"name":"Startseite","item":"https:\/\/www.eifarb.ch\/natuerliche-ostereier-farben\/"},{"@type":"ListItem","position":2,"name":"Shop","item":"https:\/\/www.eifarb.ch\/shop\/"},{"@type":"ListItem","position":3,"name":"Ostereierfarben 7er-Set"}]},{"@type":"WebSite","@id":"https:\/\/www.eifarb.ch\/#website","url":"https:\/\/www.eifarb.ch\/","name":"Colori naturali per uova di Pasqua - Negozio","description":"Tingere le uova di Pasqua con i colori della natura","potentialAction":[{"@type":"SearchAction","target":{"@type":"EntryPoint","urlTemplate":"https:\/\/www.eifarb.ch\/?s={search_term_string}"},"query-input":{"@type":"PropertyValueSpecification","valueRequired":true,"valueName":"search_term_string"}}],"inLanguage":"it-IT"}]}},"_links":{"self":[{"href":"https:\/\/www.eifarb.ch\/it\/wp-json\/wp\/v2\/product\/3960","targetHints":{"allow":["GET"]}}],"collection":[{"href":"https:\/\/www.eifarb.ch\/it\/wp-json\/wp\/v2\/product"}],"about":[{"href":"https:\/\/www.eifarb.ch\/it\/wp-json\/wp\/v2\/types\/product"}],"wp:featuredmedia":[{"embeddable":true,"href":"https:\/\/www.eifarb.ch\/it\/wp-json\/wp\/v2\/media\/3961"}],"wp:attachment":[{"href":"https:\/\/www.eifarb.ch\/it\/wp-json\/wp\/v2\/media?parent=3960"}],"wp:term":[{"taxonomy":"product_brand","embeddable":true,"href":"https:\/\/www.eifarb.ch\/it\/wp-json\/wp\/v2\/product_brand?post=3960"},{"taxonomy":"product_cat","embeddable":true,"href":"https:\/\/www.eifarb.ch\/it\/wp-json\/wp\/v2\/product_cat?post=3960"},{"taxonomy":"product_tag","embeddable":true,"href":"https:\/\/www.eifarb.ch\/it\/wp-json\/wp\/v2\/product_tag?post=3960"}],"curies":[{"name":"wp","href":"https:\/\/api.w.org\/{rel}","templated":true}]}}