{"id":781,"date":"2016-02-16T19:07:13","date_gmt":"2016-02-16T18:07:13","guid":{"rendered":"https:\/\/eifarb.ch\/webseite\/?post_type=product&#038;p=781"},"modified":"2026-04-19T08:33:09","modified_gmt":"2026-04-19T06:33:09","slug":"eierfarbe-roetlich-gelb","status":"publish","type":"product","link":"https:\/\/www.eifarb.ch\/it\/prodotto\/eierfarbe-roetlich-gelb\/","title":{"rendered":"Colore dell'uovo giallo ocra"},"content":{"rendered":"<p><strong>Colore naturale dell'uovo<\/strong><\/p>\n<p><strong>Colore:<\/strong> giallo ocra<br \/>\n<strong>Contenuto:<\/strong> Semi di annatto<br \/>\n<strong>Peso:<\/strong> ca. 100g<\/p>\n<p><strong>Applicazione:<\/strong><br \/>\nAggiungere 4-5 cucchiai della miscela a 1 litro e mezzo di acqua fredda, portare a ebollizione lentamente e lasciare raffreddare di nuovo leggermente. Versare le uova crude e farle bollire a piacere.<\/p>\n<p>Erfahre mehr \u00fcber die Geschichte und Herkunft von Annattosamen auf unserer <a href=\"https:\/\/www.eifarb.ch\/it\/eierfarben\/\">Eierfarben-\u00dcbersicht<\/a>. Die Anleitung zum F\u00e4rben findest du <a href=\"\/it\/ostereier-faerben\/\">hier<\/a>.<\/p>\n<p><strong>A partire da 70 CHF consegniamo senza spese di spedizione.<\/strong><\/p>\n<div  class='avia-button-wrap av-ad696-0e6675a5185fade4671bd299ade3e465-wrap avia-button-left  avia-builder-el-0  avia-builder-el-no-sibling'><a href='https:\/\/www.eifarb.ch\/it\/shop\/'  class='avia-button av-ad696-0e6675a5185fade4671bd299ade3e465 av-link-btn avia-icon_select-no avia-size-medium avia-position-left avia-color-theme-color'   aria-label=\"a tutti i colori delle uova\"><span class='avia_iconbox_title' >a tutti i colori delle uova<\/span><\/a><\/div>","protected":false},"excerpt":{"rendered":"<p><strong><span class=\"success-msg inline-block mb-1 mr-4\">Pronto per la spedizione immediata<\/span><\/strong><\/p>","protected":false},"featured_media":1276,"template":"","meta":[],"product_brand":[],"product_cat":[26],"product_tag":[27,39,28,29,30,31,42],"class_list":{"0":"post-781","1":"product","2":"type-product","3":"status-publish","4":"has-post-thumbnail","6":"product_cat-eierfarben","7":"product_tag-eierfarbe","8":"product_tag-gelb","9":"product_tag-ostereierfarbe","10":"product_tag-rot","11":"product_tag-rote-ostereier","12":"product_tag-rote-ostereierfarbe","13":"product_tag-rotgelb","15":"first","16":"instock","17":"shipping-taxable","18":"purchasable","19":"product-type-simple"},"yoast_head":"<!-- This site is optimized with the Yoast SEO plugin v27.6 - https:\/\/yoast.com\/product\/yoast-seo-wordpress\/ -->\n<title>Eierfarbe r\u00f6tlich-gelb<\/title>\n<meta name=\"description\" content=\"Nat\u00fcrliche Eierfarbe ockergelb. F\u00e4rben Sie mit Farben aus der Natur und bringen Sie nat\u00fcrliche Farben in Ihr Osternest.\u00a0\" \/>\n<meta name=\"robots\" content=\"index, follow, max-snippet:-1, max-image-preview:large, max-video-preview:-1\" \/>\n<link rel=\"canonical\" href=\"https:\/\/www.eifarb.ch\/it\/prodotto\/eierfarbe-roetlich-gelb\/\" \/>\n<meta property=\"og:locale\" content=\"it_IT\" \/>\n<meta property=\"og:type\" content=\"article\" \/>\n<meta property=\"og:title\" content=\"Eierfarbe r\u00f6tlich-gelb\" \/>\n<meta property=\"og:description\" content=\"Nat\u00fcrliche Eierfarbe ockergelb. F\u00e4rben Sie mit Farben aus der Natur und bringen Sie nat\u00fcrliche Farben in Ihr Osternest.\u00a0\" \/>\n<meta property=\"og:url\" content=\"https:\/\/www.eifarb.ch\/it\/prodotto\/eierfarbe-roetlich-gelb\/\" \/>\n<meta property=\"og:site_name\" content=\"nat\u00fcrliche Oster Eierfarben - Shop\" \/>\n<meta property=\"article:modified_time\" content=\"2026-04-19T06:33:09+00:00\" \/>\n<meta property=\"og:image\" content=\"https:\/\/www.eifarb.ch\/webseite\/wp-content\/uploads\/2020\/02\/anattosamen-rot-gelb-eier-farbe-ostern.jpg\" \/>\n\t<meta property=\"og:image:width\" content=\"2500\" \/>\n\t<meta property=\"og:image:height\" content=\"2500\" \/>\n\t<meta property=\"og:image:type\" content=\"image\/jpeg\" \/>\n<meta name=\"twitter:card\" content=\"summary_large_image\" \/>\n<meta name=\"twitter:label1\" content=\"Tempo di lettura stimato\" \/>\n\t<meta name=\"twitter:data1\" content=\"1 minuto\" \/>\n<script type=\"application\/ld+json\" class=\"yoast-schema-graph\">{\"@context\":\"https:\\\/\\\/schema.org\",\"@graph\":[{\"@type\":\"WebPage\",\"@id\":\"https:\\\/\\\/www.eifarb.ch\\\/produkt\\\/eierfarbe-roetlich-gelb\\\/\",\"url\":\"https:\\\/\\\/www.eifarb.ch\\\/produkt\\\/eierfarbe-roetlich-gelb\\\/\",\"name\":\"Eierfarbe r\u00f6tlich-gelb\",\"isPartOf\":{\"@id\":\"https:\\\/\\\/www.eifarb.ch\\\/#website\"},\"primaryImageOfPage\":{\"@id\":\"https:\\\/\\\/www.eifarb.ch\\\/produkt\\\/eierfarbe-roetlich-gelb\\\/#primaryimage\"},\"image\":{\"@id\":\"https:\\\/\\\/www.eifarb.ch\\\/produkt\\\/eierfarbe-roetlich-gelb\\\/#primaryimage\"},\"thumbnailUrl\":\"https:\\\/\\\/www.eifarb.ch\\\/webseite\\\/wp-content\\\/uploads\\\/2020\\\/02\\\/anattosamen-rot-gelb-eier-farbe-ostern.jpg\",\"datePublished\":\"2016-02-16T18:07:13+00:00\",\"dateModified\":\"2026-04-19T06:33:09+00:00\",\"description\":\"Nat\u00fcrliche Eierfarbe ockergelb. F\u00e4rben Sie mit Farben aus der Natur und bringen Sie nat\u00fcrliche Farben in Ihr Osternest.\u00a0\",\"breadcrumb\":{\"@id\":\"https:\\\/\\\/www.eifarb.ch\\\/produkt\\\/eierfarbe-roetlich-gelb\\\/#breadcrumb\"},\"inLanguage\":\"it-IT\",\"potentialAction\":[{\"@type\":\"ReadAction\",\"target\":[\"https:\\\/\\\/www.eifarb.ch\\\/produkt\\\/eierfarbe-roetlich-gelb\\\/\"]}]},{\"@type\":\"ImageObject\",\"inLanguage\":\"it-IT\",\"@id\":\"https:\\\/\\\/www.eifarb.ch\\\/produkt\\\/eierfarbe-roetlich-gelb\\\/#primaryimage\",\"url\":\"https:\\\/\\\/www.eifarb.ch\\\/webseite\\\/wp-content\\\/uploads\\\/2020\\\/02\\\/anattosamen-rot-gelb-eier-farbe-ostern.jpg\",\"contentUrl\":\"https:\\\/\\\/www.eifarb.ch\\\/webseite\\\/wp-content\\\/uploads\\\/2020\\\/02\\\/anattosamen-rot-gelb-eier-farbe-ostern.jpg\",\"width\":2500,\"height\":2500,\"caption\":\"Nat\u00fcrliche Eierfarbe ocker-gelb \u2013 aus Annattosamen\"},{\"@type\":\"BreadcrumbList\",\"@id\":\"https:\\\/\\\/www.eifarb.ch\\\/produkt\\\/eierfarbe-roetlich-gelb\\\/#breadcrumb\",\"itemListElement\":[{\"@type\":\"ListItem\",\"position\":1,\"name\":\"Startseite\",\"item\":\"https:\\\/\\\/www.eifarb.ch\\\/natuerliche-ostereier-farben\\\/\"},{\"@type\":\"ListItem\",\"position\":2,\"name\":\"Shop\",\"item\":\"https:\\\/\\\/www.eifarb.ch\\\/shop\\\/\"},{\"@type\":\"ListItem\",\"position\":3,\"name\":\"Eierfarbe ocker gelb\"}]},{\"@type\":\"WebSite\",\"@id\":\"https:\\\/\\\/www.eifarb.ch\\\/#website\",\"url\":\"https:\\\/\\\/www.eifarb.ch\\\/\",\"name\":\"nat\u00fcrliche Oster Eierfarben - Shop\",\"description\":\"Ostereier f\u00e4rben mit Farben aus der Natur\",\"potentialAction\":[{\"@type\":\"SearchAction\",\"target\":{\"@type\":\"EntryPoint\",\"urlTemplate\":\"https:\\\/\\\/www.eifarb.ch\\\/?s={search_term_string}\"},\"query-input\":{\"@type\":\"PropertyValueSpecification\",\"valueRequired\":true,\"valueName\":\"search_term_string\"}}],\"inLanguage\":\"it-IT\"}]}<\/script>\n<!-- \/ Yoast SEO plugin. -->","yoast_head_json":{"title":"Colore dell'uovo giallo-rossastro","description":"Colore naturale dell'uovo giallo ocra. Tingi con i colori della natura e porta i colori naturali nel tuo nido di Pasqua.\u00a0","robots":{"index":"index","follow":"follow","max-snippet":"max-snippet:-1","max-image-preview":"max-image-preview:large","max-video-preview":"max-video-preview:-1"},"canonical":"https:\/\/www.eifarb.ch\/it\/prodotto\/eierfarbe-roetlich-gelb\/","og_locale":"it_IT","og_type":"article","og_title":"Eierfarbe r\u00f6tlich-gelb","og_description":"Nat\u00fcrliche Eierfarbe ockergelb. F\u00e4rben Sie mit Farben aus der Natur und bringen Sie nat\u00fcrliche Farben in Ihr Osternest.\u00a0","og_url":"https:\/\/www.eifarb.ch\/it\/prodotto\/eierfarbe-roetlich-gelb\/","og_site_name":"nat\u00fcrliche Oster Eierfarben - Shop","article_modified_time":"2026-04-19T06:33:09+00:00","og_image":[{"width":2500,"height":2500,"url":"https:\/\/www.eifarb.ch\/webseite\/wp-content\/uploads\/2020\/02\/anattosamen-rot-gelb-eier-farbe-ostern.jpg","type":"image\/jpeg"}],"twitter_card":"summary_large_image","twitter_misc":{"Tempo di lettura stimato":"1 minuto"},"schema":{"@context":"https:\/\/schema.org","@graph":[{"@type":"WebPage","@id":"https:\/\/www.eifarb.ch\/produkt\/eierfarbe-roetlich-gelb\/","url":"https:\/\/www.eifarb.ch\/produkt\/eierfarbe-roetlich-gelb\/","name":"Colore dell'uovo giallo-rossastro","isPartOf":{"@id":"https:\/\/www.eifarb.ch\/#website"},"primaryImageOfPage":{"@id":"https:\/\/www.eifarb.ch\/produkt\/eierfarbe-roetlich-gelb\/#primaryimage"},"image":{"@id":"https:\/\/www.eifarb.ch\/produkt\/eierfarbe-roetlich-gelb\/#primaryimage"},"thumbnailUrl":"https:\/\/www.eifarb.ch\/webseite\/wp-content\/uploads\/2020\/02\/anattosamen-rot-gelb-eier-farbe-ostern.jpg","datePublished":"2016-02-16T18:07:13+00:00","dateModified":"2026-04-19T06:33:09+00:00","description":"Colore naturale dell'uovo giallo ocra. Tingi con i colori della natura e porta i colori naturali nel tuo nido di Pasqua.\u00a0","breadcrumb":{"@id":"https:\/\/www.eifarb.ch\/produkt\/eierfarbe-roetlich-gelb\/#breadcrumb"},"inLanguage":"it-IT","potentialAction":[{"@type":"ReadAction","target":["https:\/\/www.eifarb.ch\/produkt\/eierfarbe-roetlich-gelb\/"]}]},{"@type":"ImageObject","inLanguage":"it-IT","@id":"https:\/\/www.eifarb.ch\/produkt\/eierfarbe-roetlich-gelb\/#primaryimage","url":"https:\/\/www.eifarb.ch\/webseite\/wp-content\/uploads\/2020\/02\/anattosamen-rot-gelb-eier-farbe-ostern.jpg","contentUrl":"https:\/\/www.eifarb.ch\/webseite\/wp-content\/uploads\/2020\/02\/anattosamen-rot-gelb-eier-farbe-ostern.jpg","width":2500,"height":2500,"caption":"Nat\u00fcrliche Eierfarbe ocker-gelb \u2013 aus Annattosamen"},{"@type":"BreadcrumbList","@id":"https:\/\/www.eifarb.ch\/produkt\/eierfarbe-roetlich-gelb\/#breadcrumb","itemListElement":[{"@type":"ListItem","position":1,"name":"Startseite","item":"https:\/\/www.eifarb.ch\/natuerliche-ostereier-farben\/"},{"@type":"ListItem","position":2,"name":"Shop","item":"https:\/\/www.eifarb.ch\/shop\/"},{"@type":"ListItem","position":3,"name":"Eierfarbe ocker gelb"}]},{"@type":"WebSite","@id":"https:\/\/www.eifarb.ch\/#website","url":"https:\/\/www.eifarb.ch\/","name":"Colori naturali per uova di Pasqua - Negozio","description":"Tingere le uova di Pasqua con i colori della natura","potentialAction":[{"@type":"SearchAction","target":{"@type":"EntryPoint","urlTemplate":"https:\/\/www.eifarb.ch\/?s={search_term_string}"},"query-input":{"@type":"PropertyValueSpecification","valueRequired":true,"valueName":"search_term_string"}}],"inLanguage":"it-IT"}]}},"_links":{"self":[{"href":"https:\/\/www.eifarb.ch\/it\/wp-json\/wp\/v2\/product\/781","targetHints":{"allow":["GET"]}}],"collection":[{"href":"https:\/\/www.eifarb.ch\/it\/wp-json\/wp\/v2\/product"}],"about":[{"href":"https:\/\/www.eifarb.ch\/it\/wp-json\/wp\/v2\/types\/product"}],"wp:featuredmedia":[{"embeddable":true,"href":"https:\/\/www.eifarb.ch\/it\/wp-json\/wp\/v2\/media\/1276"}],"wp:attachment":[{"href":"https:\/\/www.eifarb.ch\/it\/wp-json\/wp\/v2\/media?parent=781"}],"wp:term":[{"taxonomy":"product_brand","embeddable":true,"href":"https:\/\/www.eifarb.ch\/it\/wp-json\/wp\/v2\/product_brand?post=781"},{"taxonomy":"product_cat","embeddable":true,"href":"https:\/\/www.eifarb.ch\/it\/wp-json\/wp\/v2\/product_cat?post=781"},{"taxonomy":"product_tag","embeddable":true,"href":"https:\/\/www.eifarb.ch\/it\/wp-json\/wp\/v2\/product_tag?post=781"}],"curies":[{"name":"wp","href":"https:\/\/api.w.org\/{rel}","templated":true}]}}